{"id":71,"date":"2025-07-17T12:53:07","date_gmt":"2025-07-17T10:53:07","guid":{"rendered":"http:\/\/6510151399522.hostingkunde.de\/?page_id=71"},"modified":"2025-09-08T16:23:31","modified_gmt":"2025-09-08T14:23:31","slug":"qualitaetsmanagement","status":"publish","type":"page","link":"https:\/\/cargotainer.de\/en\/unternehmen\/qualitaetsmanagement\/","title":{"rendered":"Quality Management"},"content":{"rendered":"<div data-elementor-type=\"wp-page\" data-elementor-id=\"71\" class=\"elementor elementor-71\">\n\t\t\t\t<div class=\"elementor-element elementor-element-1db25b9 e-flex e-con-boxed e-con e-parent\" data-id=\"1db25b9\" data-element_type=\"container\">\n\t\t\t\t\t<div class=\"e-con-inner\">\n\t\t\t\t\t<\/div>\n\t\t\t\t<\/div>\n\t\t<div class=\"elementor-element elementor-element-ef93eee e-flex e-con-boxed e-con e-parent\" data-id=\"ef93eee\" data-element_type=\"container\">\n\t\t\t\t\t<div class=\"e-con-inner\">\n\t\t<div class=\"elementor-element elementor-element-001d6b1 e-con-full e-flex e-con e-child\" data-id=\"001d6b1\" data-element_type=\"container\">\n\t\t\t\t<div class=\"elementor-element elementor-element-ab7c7df elementor-widget elementor-widget-heading\" data-id=\"ab7c7df\" data-element_type=\"widget\" data-widget_type=\"heading.default\">\n\t\t\t\t\t<h2 class=\"elementor-heading-title elementor-size-default\">Through all areas: Quality Management\n<\/h2>\t\t\t\t<\/div>\n\t\t\t\t<div class=\"elementor-element elementor-element-c05f25c elementor-widget elementor-widget-text-editor\" data-id=\"c05f25c\" data-element_type=\"widget\" data-widget_type=\"text-editor.default\">\n\t\t\t\t\t\t\t\t\t<p>In order to maintain a consistent and high quality service, we have developed a quality management system based on the standards and requirements of our customers. We use a quality management manual which has been customized for our company as a guide to everyday business. This provides guidelines for the quality of our services and container fleet as well as for work safety and environmental protection.<\/p>\t\t\t\t\t\t\t\t<\/div>\n\t\t\t\t<div class=\"elementor-element elementor-element-aaa86c1 elementor-widget elementor-widget-heading\" data-id=\"aaa86c1\" data-element_type=\"widget\" data-widget_type=\"heading.default\">\n\t\t\t\t\t<h4 class=\"elementor-heading-title elementor-size-default\">Joint responsibility<\/h4>\t\t\t\t<\/div>\n\t\t\t\t<div class=\"elementor-element elementor-element-802f1c7 elementor-widget elementor-widget-text-editor\" data-id=\"802f1c7\" data-element_type=\"widget\" data-widget_type=\"text-editor.default\">\n\t\t\t\t\t\t\t\t\t<p>All employees act according to the rules and regulations of our quality management system. As a result of this, our business is constantly improving and goals are being realized.<\/p>\t\t\t\t\t\t\t\t<\/div>\n\t\t\t\t<div class=\"elementor-element elementor-element-97e83a7 elementor-widget elementor-widget-heading\" data-id=\"97e83a7\" data-element_type=\"widget\" data-widget_type=\"heading.default\">\n\t\t\t\t\t<h4 class=\"elementor-heading-title elementor-size-default\">Certified<\/h4>\t\t\t\t<\/div>\n\t\t\t\t<div class=\"elementor-element elementor-element-0a85cf4 elementor-widget elementor-widget-text-editor\" data-id=\"0a85cf4\" data-element_type=\"widget\" data-widget_type=\"text-editor.default\">\n\t\t\t\t\t\t\t\t\t<p>Certification is definitely an accolade!\nFrom January 2006, Cargotainer GmbH has been certified according to ISO.<br \/>Seit Januar 2006 ist die Cargotainer GmbH nach ISO 9001 und SQAS zertifiziert.<\/p>\t\t\t\t\t\t\t\t<\/div>\n\t\t<div class=\"elementor-element elementor-element-ffce8ea e-grid e-con-full e-con e-child\" data-id=\"ffce8ea\" data-element_type=\"container\">\n\t\t\t\t<div class=\"elementor-element elementor-element-387deb2 elementor-widget elementor-widget-image\" data-id=\"387deb2\" data-element_type=\"widget\" data-widget_type=\"image.default\">\n\t\t\t\t\t\t\t\t\t\t\t\t\t\t\t\t<a href=\"http:\/\/www.cargotainer.de\/images\/PDF\/RezertZertifikatISO9001_2008.pdf\" target=\"_blank\" rel=\"nofollow\">\n\t\t\t\t\t\t\t<img decoding=\"async\" width=\"150\" height=\"212\" src=\"https:\/\/cargotainer.de\/wp-content\/uploads\/2025\/07\/zertifikat_qualitaetsmanagement.jpg\" class=\"attachment-large size-large wp-image-81\" alt=\"\" srcset=\"https:\/\/cargotainer.de\/wp-content\/uploads\/2025\/07\/zertifikat_qualitaetsmanagement.jpg 150w, https:\/\/cargotainer.de\/wp-content\/uploads\/2025\/07\/zertifikat_qualitaetsmanagement-8x12.jpg 8w\" sizes=\"(max-width: 150px) 100vw, 150px\" \/>\t\t\t\t\t\t\t\t<\/a>\n\t\t\t\t\t\t\t\t\t\t\t\t\t\t\t<\/div>\n\t\t\t\t<div class=\"elementor-element elementor-element-f224c2e elementor-widget elementor-widget-image\" data-id=\"f224c2e\" data-element_type=\"widget\" data-widget_type=\"image.default\">\n\t\t\t\t\t\t\t\t\t\t\t\t\t\t\t\t<a href=\"http:\/\/www.cargotainer.de\/images\/PDF\/SQAS_Attestation_1333448447.pdf\" target=\"_blank\" rel=\"nofollow\">\n\t\t\t\t\t\t\t<img decoding=\"async\" width=\"167\" height=\"212\" src=\"https:\/\/cargotainer.de\/wp-content\/uploads\/2025\/07\/SQAS_Attestation.jpg\" class=\"attachment-large size-large wp-image-80\" alt=\"\" srcset=\"https:\/\/cargotainer.de\/wp-content\/uploads\/2025\/07\/SQAS_Attestation.jpg 167w, https:\/\/cargotainer.de\/wp-content\/uploads\/2025\/07\/SQAS_Attestation-9x12.jpg 9w\" sizes=\"(max-width: 167px) 100vw, 167px\" \/>\t\t\t\t\t\t\t\t<\/a>\n\t\t\t\t\t\t\t\t\t\t\t\t\t\t\t<\/div>\n\t\t\t\t<\/div>\n\t\t\t\t<div class=\"elementor-element elementor-element-a4507e2 elementor-widget elementor-widget-text-editor\" data-id=\"a4507e2\" data-element_type=\"widget\" data-widget_type=\"text-editor.default\">\n\t\t\t\t\t\t\t\t\t<p>The results of the SQAS assessments can be found by authorized users on the database of Cefic.<\/p>\t\t\t\t\t\t\t\t<\/div>\n\t\t\t\t<\/div>\n\t\t<div class=\"elementor-element elementor-element-36aeb1b e-con-full e-flex e-con e-child\" data-id=\"36aeb1b\" data-element_type=\"container\">\n\t\t\t\t<div class=\"elementor-element elementor-element-ae0e06f elementor-widget elementor-widget-sidebar\" data-id=\"ae0e06f\" data-element_type=\"widget\" data-widget_type=\"sidebar.default\">\n\t\t\t\t\t\n<h2 class=\"wp-block-heading has-small-font-size\">CARGOTAINER GmbH<br>Internationale Fachspedition<\/h2>\n\n<p class=\"has-small-font-size\">\u00d6lhafenstra\u00dfe 36<br>68169 Mannheim\nGermany<br><\/p>\n\n<p class=\"has-small-font-size\">MO-FR\u00a0 08:00 bis 17:00 Uhr<\/p>\n\n<p class=\"has-small-font-size\">Phone: +49 621 15801-0<br>Fax: +49 621 15801-23<\/p>\n\n<p class=\"has-small-font-size\">E-Mail:&nbsp;<a href=\"mailto:info@cargotainer.de\">info@cargotainer.de<\/a><\/p>\n\t\t\t\t<\/div>\n\t\t\t\t<div class=\"elementor-element elementor-element-2de6778 elementor-widget__width-initial elementor-widget elementor-widget-image\" data-id=\"2de6778\" data-element_type=\"widget\" data-widget_type=\"image.default\">\n\t\t\t\t\t\t\t\t\t\t\t\t\t\t\t<img decoding=\"async\" width=\"205\" height=\"183\" src=\"https:\/\/cargotainer.de\/wp-content\/uploads\/2025\/07\/siegel.jpg\" class=\"attachment-large size-large wp-image-27\" alt=\"\" \/>\t\t\t\t\t\t\t\t\t\t\t\t\t\t\t<\/div>\n\t\t\t\t<\/div>\n\t\t\t\t\t<\/div>\n\t\t\t\t<\/div>\n\t\t\t\t<\/div>","protected":false},"excerpt":{"rendered":"<p>Quer durch alle Bereiche: Qualit\u00e4tsmanagement Um eine gleich bleibend qualitativ hochwertige Dienstleistung zu erlangen, haben wir auf den Normen und Anforderungen unserer Kunden ein Qualit\u00e4tsmanagement-System aufgebaut. In der t\u00e4glichen Praxis orientieren wir uns dabei an einem individuell auf unseren Betrieb angepassten Qualit\u00e4tsmanagement-Handbuch. Dies ist unser verbindlicher Leitfaden in Bezug auf die Qualit\u00e4t unserer Dienstleistung und [&hellip;]<\/p>\n","protected":false},"author":1,"featured_media":0,"parent":8,"menu_order":0,"comment_status":"closed","ping_status":"closed","template":"","meta":{"_eb_attr":"","footnotes":""},"class_list":["post-71","page","type-page","status-publish","hentry"],"blocksy_meta":[],"yoast_head":"<!-- This site is optimized with the Yoast SEO plugin v27.5 - https:\/\/yoast.com\/product\/yoast-seo-wordpress\/ -->\n<title>Qualit\u00e4tsmanagement - Cargotainer<\/title>\n<meta name=\"robots\" content=\"index, follow, max-snippet:-1, max-image-preview:large, max-video-preview:-1\" \/>\n<link rel=\"canonical\" href=\"https:\/\/cargotainer.de\/en\/unternehmen\/qualitaetsmanagement\/\" \/>\n<meta property=\"og:locale\" content=\"en_GB\" \/>\n<meta property=\"og:type\" content=\"article\" \/>\n<meta property=\"og:title\" content=\"Qualit\u00e4tsmanagement - Cargotainer\" \/>\n<meta property=\"og:description\" content=\"Quer durch alle Bereiche: Qualit\u00e4tsmanagement Um eine gleich bleibend qualitativ hochwertige Dienstleistung zu erlangen, haben wir auf den Normen und Anforderungen unserer Kunden ein Qualit\u00e4tsmanagement-System aufgebaut. In der t\u00e4glichen Praxis orientieren wir uns dabei an einem individuell auf unseren Betrieb angepassten Qualit\u00e4tsmanagement-Handbuch. Dies ist unser verbindlicher Leitfaden in Bezug auf die Qualit\u00e4t unserer Dienstleistung und [&hellip;]\" \/>\n<meta property=\"og:url\" content=\"https:\/\/cargotainer.de\/en\/unternehmen\/qualitaetsmanagement\/\" \/>\n<meta property=\"og:site_name\" content=\"Cargotainer\" \/>\n<meta property=\"article:modified_time\" content=\"2025-09-08T14:23:31+00:00\" \/>\n<meta property=\"og:image\" content=\"https:\/\/cargotainer.de\/wp-content\/uploads\/2025\/07\/zertifikat_qualitaetsmanagement.jpg\" \/>\n\t<meta property=\"og:image:width\" content=\"150\" \/>\n\t<meta property=\"og:image:height\" content=\"212\" \/>\n\t<meta property=\"og:image:type\" content=\"image\/jpeg\" \/>\n<meta name=\"twitter:card\" content=\"summary_large_image\" \/>\n<meta name=\"twitter:label1\" content=\"Estimated reading time\" \/>\n\t<meta name=\"twitter:data1\" content=\"1 minute\" \/>\n<script type=\"application\/ld+json\" class=\"yoast-schema-graph\">{\"@context\":\"https:\\\/\\\/schema.org\",\"@graph\":[{\"@type\":\"WebPage\",\"@id\":\"https:\\\/\\\/cargotainer.de\\\/unternehmen\\\/qualitaetsmanagement\\\/\",\"url\":\"https:\\\/\\\/cargotainer.de\\\/unternehmen\\\/qualitaetsmanagement\\\/\",\"name\":\"Qualit\u00e4tsmanagement - Cargotainer\",\"isPartOf\":{\"@id\":\"https:\\\/\\\/cargotainer.de\\\/#website\"},\"primaryImageOfPage\":{\"@id\":\"https:\\\/\\\/cargotainer.de\\\/unternehmen\\\/qualitaetsmanagement\\\/#primaryimage\"},\"image\":{\"@id\":\"https:\\\/\\\/cargotainer.de\\\/unternehmen\\\/qualitaetsmanagement\\\/#primaryimage\"},\"thumbnailUrl\":\"https:\\\/\\\/cargotainer.de\\\/wp-content\\\/uploads\\\/2025\\\/07\\\/zertifikat_qualitaetsmanagement.jpg\",\"datePublished\":\"2025-07-17T10:53:07+00:00\",\"dateModified\":\"2025-09-08T14:23:31+00:00\",\"breadcrumb\":{\"@id\":\"https:\\\/\\\/cargotainer.de\\\/unternehmen\\\/qualitaetsmanagement\\\/#breadcrumb\"},\"inLanguage\":\"en-GB\",\"potentialAction\":[{\"@type\":\"ReadAction\",\"target\":[\"https:\\\/\\\/cargotainer.de\\\/unternehmen\\\/qualitaetsmanagement\\\/\"]}]},{\"@type\":\"ImageObject\",\"inLanguage\":\"en-GB\",\"@id\":\"https:\\\/\\\/cargotainer.de\\\/unternehmen\\\/qualitaetsmanagement\\\/#primaryimage\",\"url\":\"https:\\\/\\\/cargotainer.de\\\/wp-content\\\/uploads\\\/2025\\\/07\\\/zertifikat_qualitaetsmanagement.jpg\",\"contentUrl\":\"https:\\\/\\\/cargotainer.de\\\/wp-content\\\/uploads\\\/2025\\\/07\\\/zertifikat_qualitaetsmanagement.jpg\"},{\"@type\":\"BreadcrumbList\",\"@id\":\"https:\\\/\\\/cargotainer.de\\\/unternehmen\\\/qualitaetsmanagement\\\/#breadcrumb\",\"itemListElement\":[{\"@type\":\"ListItem\",\"position\":1,\"name\":\"Unternehmen\",\"item\":\"https:\\\/\\\/cargotainer.de\\\/\"},{\"@type\":\"ListItem\",\"position\":2,\"name\":\"Qualit\u00e4tsmanagement\"}]},{\"@type\":\"WebSite\",\"@id\":\"https:\\\/\\\/cargotainer.de\\\/#website\",\"url\":\"https:\\\/\\\/cargotainer.de\\\/\",\"name\":\"Cargotainer\",\"description\":\"\",\"publisher\":{\"@id\":\"https:\\\/\\\/cargotainer.de\\\/#organization\"},\"potentialAction\":[{\"@type\":\"SearchAction\",\"target\":{\"@type\":\"EntryPoint\",\"urlTemplate\":\"https:\\\/\\\/cargotainer.de\\\/?s={search_term_string}\"},\"query-input\":{\"@type\":\"PropertyValueSpecification\",\"valueRequired\":true,\"valueName\":\"search_term_string\"}}],\"inLanguage\":\"en-GB\"},{\"@type\":\"Organization\",\"@id\":\"https:\\\/\\\/cargotainer.de\\\/#organization\",\"name\":\"Cargotainer\",\"url\":\"https:\\\/\\\/cargotainer.de\\\/\",\"logo\":{\"@type\":\"ImageObject\",\"inLanguage\":\"en-GB\",\"@id\":\"https:\\\/\\\/cargotainer.de\\\/#\\\/schema\\\/logo\\\/image\\\/\",\"url\":\"https:\\\/\\\/cargotainer.de\\\/wp-content\\\/uploads\\\/2025\\\/07\\\/logo.jpg\",\"contentUrl\":\"https:\\\/\\\/cargotainer.de\\\/wp-content\\\/uploads\\\/2025\\\/07\\\/logo.jpg\",\"width\":316,\"height\":60,\"caption\":\"Cargotainer\"},\"image\":{\"@id\":\"https:\\\/\\\/cargotainer.de\\\/#\\\/schema\\\/logo\\\/image\\\/\"}}]}<\/script>\n<!-- \/ Yoast SEO plugin. -->","yoast_head_json":{"title":"Qualit\u00e4tsmanagement - Cargotainer","robots":{"index":"index","follow":"follow","max-snippet":"max-snippet:-1","max-image-preview":"max-image-preview:large","max-video-preview":"max-video-preview:-1"},"canonical":"https:\/\/cargotainer.de\/en\/unternehmen\/qualitaetsmanagement\/","og_locale":"en_GB","og_type":"article","og_title":"Qualit\u00e4tsmanagement - Cargotainer","og_description":"Quer durch alle Bereiche: Qualit\u00e4tsmanagement Um eine gleich bleibend qualitativ hochwertige Dienstleistung zu erlangen, haben wir auf den Normen und Anforderungen unserer Kunden ein Qualit\u00e4tsmanagement-System aufgebaut. In der t\u00e4glichen Praxis orientieren wir uns dabei an einem individuell auf unseren Betrieb angepassten Qualit\u00e4tsmanagement-Handbuch. Dies ist unser verbindlicher Leitfaden in Bezug auf die Qualit\u00e4t unserer Dienstleistung und [&hellip;]","og_url":"https:\/\/cargotainer.de\/en\/unternehmen\/qualitaetsmanagement\/","og_site_name":"Cargotainer","article_modified_time":"2025-09-08T14:23:31+00:00","og_image":[{"width":150,"height":212,"url":"https:\/\/cargotainer.de\/wp-content\/uploads\/2025\/07\/zertifikat_qualitaetsmanagement.jpg","type":"image\/jpeg"}],"twitter_card":"summary_large_image","twitter_misc":{"Estimated reading time":"1 minute"},"schema":{"@context":"https:\/\/schema.org","@graph":[{"@type":"WebPage","@id":"https:\/\/cargotainer.de\/unternehmen\/qualitaetsmanagement\/","url":"https:\/\/cargotainer.de\/unternehmen\/qualitaetsmanagement\/","name":"Qualit\u00e4tsmanagement - Cargotainer","isPartOf":{"@id":"https:\/\/cargotainer.de\/#website"},"primaryImageOfPage":{"@id":"https:\/\/cargotainer.de\/unternehmen\/qualitaetsmanagement\/#primaryimage"},"image":{"@id":"https:\/\/cargotainer.de\/unternehmen\/qualitaetsmanagement\/#primaryimage"},"thumbnailUrl":"https:\/\/cargotainer.de\/wp-content\/uploads\/2025\/07\/zertifikat_qualitaetsmanagement.jpg","datePublished":"2025-07-17T10:53:07+00:00","dateModified":"2025-09-08T14:23:31+00:00","breadcrumb":{"@id":"https:\/\/cargotainer.de\/unternehmen\/qualitaetsmanagement\/#breadcrumb"},"inLanguage":"en-GB","potentialAction":[{"@type":"ReadAction","target":["https:\/\/cargotainer.de\/unternehmen\/qualitaetsmanagement\/"]}]},{"@type":"ImageObject","inLanguage":"en-GB","@id":"https:\/\/cargotainer.de\/unternehmen\/qualitaetsmanagement\/#primaryimage","url":"https:\/\/cargotainer.de\/wp-content\/uploads\/2025\/07\/zertifikat_qualitaetsmanagement.jpg","contentUrl":"https:\/\/cargotainer.de\/wp-content\/uploads\/2025\/07\/zertifikat_qualitaetsmanagement.jpg"},{"@type":"BreadcrumbList","@id":"https:\/\/cargotainer.de\/unternehmen\/qualitaetsmanagement\/#breadcrumb","itemListElement":[{"@type":"ListItem","position":1,"name":"Unternehmen","item":"https:\/\/cargotainer.de\/"},{"@type":"ListItem","position":2,"name":"Qualit\u00e4tsmanagement"}]},{"@type":"WebSite","@id":"https:\/\/cargotainer.de\/#website","url":"https:\/\/cargotainer.de\/","name":"Cargotainer","description":"","publisher":{"@id":"https:\/\/cargotainer.de\/#organization"},"potentialAction":[{"@type":"SearchAction","target":{"@type":"EntryPoint","urlTemplate":"https:\/\/cargotainer.de\/?s={search_term_string}"},"query-input":{"@type":"PropertyValueSpecification","valueRequired":true,"valueName":"search_term_string"}}],"inLanguage":"en-GB"},{"@type":"Organization","@id":"https:\/\/cargotainer.de\/#organization","name":"Cargotainer","url":"https:\/\/cargotainer.de\/","logo":{"@type":"ImageObject","inLanguage":"en-GB","@id":"https:\/\/cargotainer.de\/#\/schema\/logo\/image\/","url":"https:\/\/cargotainer.de\/wp-content\/uploads\/2025\/07\/logo.jpg","contentUrl":"https:\/\/cargotainer.de\/wp-content\/uploads\/2025\/07\/logo.jpg","width":316,"height":60,"caption":"Cargotainer"},"image":{"@id":"https:\/\/cargotainer.de\/#\/schema\/logo\/image\/"}}]}},"_links":{"self":[{"href":"https:\/\/cargotainer.de\/en\/wp-json\/wp\/v2\/pages\/71","targetHints":{"allow":["GET"]}}],"collection":[{"href":"https:\/\/cargotainer.de\/en\/wp-json\/wp\/v2\/pages"}],"about":[{"href":"https:\/\/cargotainer.de\/en\/wp-json\/wp\/v2\/types\/page"}],"author":[{"embeddable":true,"href":"https:\/\/cargotainer.de\/en\/wp-json\/wp\/v2\/users\/1"}],"replies":[{"embeddable":true,"href":"https:\/\/cargotainer.de\/en\/wp-json\/wp\/v2\/comments?post=71"}],"version-history":[{"count":3,"href":"https:\/\/cargotainer.de\/en\/wp-json\/wp\/v2\/pages\/71\/revisions"}],"predecessor-version":[{"id":413,"href":"https:\/\/cargotainer.de\/en\/wp-json\/wp\/v2\/pages\/71\/revisions\/413"}],"up":[{"embeddable":true,"href":"https:\/\/cargotainer.de\/en\/wp-json\/wp\/v2\/pages\/8"}],"wp:attachment":[{"href":"https:\/\/cargotainer.de\/en\/wp-json\/wp\/v2\/media?parent=71"}],"curies":[{"name":"wp","href":"https:\/\/api.w.org\/{rel}","templated":true}]}}