{"id":119,"date":"2025-07-17T13:36:41","date_gmt":"2025-07-17T11:36:41","guid":{"rendered":"http:\/\/6510151399522.hostingkunde.de\/?page_id=119"},"modified":"2025-07-21T11:05:46","modified_gmt":"2025-07-21T09:05:46","slug":"transporte","status":"publish","type":"page","link":"https:\/\/cargotainer.de\/en\/transporte\/","title":{"rendered":"Transports"},"content":{"rendered":"<div data-elementor-type=\"wp-page\" data-elementor-id=\"119\" class=\"elementor elementor-119\">\n\t\t\t\t<div class=\"elementor-element elementor-element-823afae e-flex e-con-boxed e-con e-parent\" data-id=\"823afae\" data-element_type=\"container\">\n\t\t\t\t\t<div class=\"e-con-inner\">\n\t\t\t\t\t<\/div>\n\t\t\t\t<\/div>\n\t\t<div class=\"elementor-element elementor-element-ce0629d e-flex e-con-boxed e-con e-parent\" data-id=\"ce0629d\" data-element_type=\"container\">\n\t\t\t\t\t<div class=\"e-con-inner\">\n\t\t\t\t\t<\/div>\n\t\t\t\t<\/div>\n\t\t<div class=\"elementor-element elementor-element-bea9111 e-flex e-con-boxed e-con e-parent\" data-id=\"bea9111\" data-element_type=\"container\">\n\t\t\t\t\t<div class=\"e-con-inner\">\n\t\t<div class=\"elementor-element elementor-element-57b450d e-con-full e-flex e-con e-child\" data-id=\"57b450d\" data-element_type=\"container\">\n\t\t\t\t<div class=\"elementor-element elementor-element-c6ef350 elementor-widget elementor-widget-heading\" data-id=\"c6ef350\" data-element_type=\"widget\" data-widget_type=\"heading.default\">\n\t\t\t\t\t<h2 class=\"elementor-heading-title elementor-size-default\">Logistics without borders<\/h2>\t\t\t\t<\/div>\n\t\t\t\t<div class=\"elementor-element elementor-element-0865fe6 elementor-widget elementor-widget-text-editor\" data-id=\"0865fe6\" data-element_type=\"widget\" data-widget_type=\"text-editor.default\">\n\t\t\t\t\t\t\t\t\t<p>Our long and extended experience in providing complete logistics solutions has assisted us to become a reliable logistics partner.\nThe use of tank and silo containers in combined door-to-door traffic, altogether the economic and ecological advantages, is what we use as an adequate measurement to realize our principles and provide competitive advantages for our customers.<br \/><br \/><span class=\"headline_aufzaehlung\">We are globally active within the following destinations:<\/span><\/p><ul><li>Europe<\/li><li>CIS<\/li><li>South Africa<\/li><li>Israel<\/li><li>and additional overseas destinations (on request)<\/li><\/ul>\t\t\t\t\t\t\t\t<\/div>\n\t\t\t\t<div class=\"elementor-element elementor-element-2343204 elementor-widget elementor-widget-spacer\" data-id=\"2343204\" data-element_type=\"widget\" data-widget_type=\"spacer.default\">\n\t\t\t\t\t\t\t<div class=\"elementor-spacer\">\n\t\t\t<div class=\"elementor-spacer-inner\"><\/div>\n\t\t<\/div>\n\t\t\t\t\t\t<\/div>\n\t\t<div class=\"elementor-element elementor-element-9345e95 e-con-full e-flex e-con e-child\" data-id=\"9345e95\" data-element_type=\"container\" data-settings=\"{&quot;background_background&quot;:&quot;classic&quot;}\">\n\t\t\t\t<div class=\"elementor-element elementor-element-64937aa elementor-widget elementor-widget-heading\" data-id=\"64937aa\" data-element_type=\"widget\" data-widget_type=\"heading.default\">\n\t\t\t\t\t<h3 class=\"elementor-heading-title elementor-size-default\">OUR SPECIALISATION IS THE TRANSPORTATION OF HAZARDOUS CHEMICALS AND ESPECIALLY POWERED GOODS!<\/h3>\t\t\t\t<\/div>\n\t\t\t\t<\/div>\n\t\t\t\t<\/div>\n\t\t<div class=\"elementor-element elementor-element-d070d67 e-con-full e-flex e-con e-child\" data-id=\"d070d67\" data-element_type=\"container\">\n\t\t\t\t<div class=\"elementor-element elementor-element-11ff2d5 elementor-widget elementor-widget-sidebar\" data-id=\"11ff2d5\" data-element_type=\"widget\" data-widget_type=\"sidebar.default\">\n\t\t\t\t\t\n<h2 class=\"wp-block-heading has-small-font-size\">CARGOTAINER GmbH<br>Internationale Fachspedition<\/h2>\n\n<p class=\"has-small-font-size\">\u00d6lhafenstra\u00dfe 36<br>68169 Mannheim\nGermany<br><\/p>\n\n<p class=\"has-small-font-size\">MO-FR\u00a0 08:00 bis 17:00 Uhr<\/p>\n\n<p class=\"has-small-font-size\">Phone: +49 621 15801-0<br>Fax: +49 621 15801-23<\/p>\n\n<p class=\"has-small-font-size\">E-Mail:&nbsp;<a href=\"mailto:info@cargotainer.de\">info@cargotainer.de<\/a><\/p>\n\t\t\t\t<\/div>\n\t\t\t\t<div class=\"elementor-element elementor-element-4057109 elementor-widget elementor-widget-image\" data-id=\"4057109\" data-element_type=\"widget\" data-widget_type=\"image.default\">\n\t\t\t\t\t\t\t\t\t\t\t\t\t\t\t<img decoding=\"async\" width=\"235\" height=\"176\" src=\"https:\/\/cargotainer.de\/wp-content\/uploads\/2025\/07\/Transporte-klein.jpg\" class=\"attachment-large size-large wp-image-121\" alt=\"\" srcset=\"https:\/\/cargotainer.de\/wp-content\/uploads\/2025\/07\/Transporte-klein.jpg 235w, https:\/\/cargotainer.de\/wp-content\/uploads\/2025\/07\/Transporte-klein-16x12.jpg 16w\" sizes=\"(max-width: 235px) 100vw, 235px\" \/>\t\t\t\t\t\t\t\t\t\t\t\t\t\t\t<\/div>\n\t\t\t\t<\/div>\n\t\t\t\t\t<\/div>\n\t\t\t\t<\/div>\n\t\t\t\t<\/div>","protected":false},"excerpt":{"rendered":"<p>Logistik ohne Grenzen Unsere langj\u00e4hrige Erfahrung bei der Erarbeitung kompletter logistischer Probleml\u00f6sungen hat uns zu einem kompetenten Logistikpartner werden lassen. Der Einsatz von Tank- und Silocontainern im kombinierten Verkehr und somit die Summe ihrer \u00f6konomischen und \u00f6kologischen Systemvorteile verstehen wir als geeignetes Mittel, um unsere Grunds\u00e4tze zu verwirklichen und unseren Kunden Wettbewerbsvorteile zu verschaffen. Wir [&hellip;]<\/p>\n","protected":false},"author":1,"featured_media":0,"parent":0,"menu_order":0,"comment_status":"closed","ping_status":"closed","template":"","meta":{"_eb_attr":"","footnotes":""},"class_list":["post-119","page","type-page","status-publish","hentry"],"blocksy_meta":[],"yoast_head":"<!-- This site is optimized with the Yoast SEO plugin v27.5 - https:\/\/yoast.com\/product\/yoast-seo-wordpress\/ -->\n<title>Transporte - Cargotainer<\/title>\n<meta name=\"robots\" content=\"index, follow, max-snippet:-1, max-image-preview:large, max-video-preview:-1\" \/>\n<link rel=\"canonical\" href=\"https:\/\/cargotainer.de\/en\/transporte\/\" \/>\n<meta property=\"og:locale\" content=\"en_GB\" \/>\n<meta property=\"og:type\" content=\"article\" \/>\n<meta property=\"og:title\" content=\"Transporte - Cargotainer\" \/>\n<meta property=\"og:description\" content=\"Logistik ohne Grenzen Unsere langj\u00e4hrige Erfahrung bei der Erarbeitung kompletter logistischer Probleml\u00f6sungen hat uns zu einem kompetenten Logistikpartner werden lassen. Der Einsatz von Tank- und Silocontainern im kombinierten Verkehr und somit die Summe ihrer \u00f6konomischen und \u00f6kologischen Systemvorteile verstehen wir als geeignetes Mittel, um unsere Grunds\u00e4tze zu verwirklichen und unseren Kunden Wettbewerbsvorteile zu verschaffen. Wir [&hellip;]\" \/>\n<meta property=\"og:url\" content=\"https:\/\/cargotainer.de\/en\/transporte\/\" \/>\n<meta property=\"og:site_name\" content=\"Cargotainer\" \/>\n<meta property=\"article:modified_time\" content=\"2025-07-21T09:05:46+00:00\" \/>\n<meta property=\"og:image\" content=\"http:\/\/cargotainer.de\/wp-content\/uploads\/2025\/07\/Transporte-klein.jpg\" \/>\n<meta name=\"twitter:card\" content=\"summary_large_image\" \/>\n<meta name=\"twitter:label1\" content=\"Estimated reading time\" \/>\n\t<meta name=\"twitter:data1\" content=\"1 minute\" \/>\n<script type=\"application\/ld+json\" class=\"yoast-schema-graph\">{\"@context\":\"https:\\\/\\\/schema.org\",\"@graph\":[{\"@type\":\"WebPage\",\"@id\":\"https:\\\/\\\/cargotainer.de\\\/transporte\\\/\",\"url\":\"https:\\\/\\\/cargotainer.de\\\/transporte\\\/\",\"name\":\"Transporte - Cargotainer\",\"isPartOf\":{\"@id\":\"https:\\\/\\\/cargotainer.de\\\/#website\"},\"primaryImageOfPage\":{\"@id\":\"https:\\\/\\\/cargotainer.de\\\/transporte\\\/#primaryimage\"},\"image\":{\"@id\":\"https:\\\/\\\/cargotainer.de\\\/transporte\\\/#primaryimage\"},\"thumbnailUrl\":\"http:\\\/\\\/cargotainer.de\\\/wp-content\\\/uploads\\\/2025\\\/07\\\/Transporte-klein.jpg\",\"datePublished\":\"2025-07-17T11:36:41+00:00\",\"dateModified\":\"2025-07-21T09:05:46+00:00\",\"inLanguage\":\"en-GB\",\"potentialAction\":[{\"@type\":\"ReadAction\",\"target\":[\"https:\\\/\\\/cargotainer.de\\\/transporte\\\/\"]}]},{\"@type\":\"ImageObject\",\"inLanguage\":\"en-GB\",\"@id\":\"https:\\\/\\\/cargotainer.de\\\/transporte\\\/#primaryimage\",\"url\":\"http:\\\/\\\/cargotainer.de\\\/wp-content\\\/uploads\\\/2025\\\/07\\\/Transporte-klein.jpg\",\"contentUrl\":\"http:\\\/\\\/cargotainer.de\\\/wp-content\\\/uploads\\\/2025\\\/07\\\/Transporte-klein.jpg\"},{\"@type\":\"WebSite\",\"@id\":\"https:\\\/\\\/cargotainer.de\\\/#website\",\"url\":\"https:\\\/\\\/cargotainer.de\\\/\",\"name\":\"Cargotainer\",\"description\":\"\",\"publisher\":{\"@id\":\"https:\\\/\\\/cargotainer.de\\\/#organization\"},\"potentialAction\":[{\"@type\":\"SearchAction\",\"target\":{\"@type\":\"EntryPoint\",\"urlTemplate\":\"https:\\\/\\\/cargotainer.de\\\/?s={search_term_string}\"},\"query-input\":{\"@type\":\"PropertyValueSpecification\",\"valueRequired\":true,\"valueName\":\"search_term_string\"}}],\"inLanguage\":\"en-GB\"},{\"@type\":\"Organization\",\"@id\":\"https:\\\/\\\/cargotainer.de\\\/#organization\",\"name\":\"Cargotainer\",\"url\":\"https:\\\/\\\/cargotainer.de\\\/\",\"logo\":{\"@type\":\"ImageObject\",\"inLanguage\":\"en-GB\",\"@id\":\"https:\\\/\\\/cargotainer.de\\\/#\\\/schema\\\/logo\\\/image\\\/\",\"url\":\"https:\\\/\\\/cargotainer.de\\\/wp-content\\\/uploads\\\/2025\\\/07\\\/logo.jpg\",\"contentUrl\":\"https:\\\/\\\/cargotainer.de\\\/wp-content\\\/uploads\\\/2025\\\/07\\\/logo.jpg\",\"width\":316,\"height\":60,\"caption\":\"Cargotainer\"},\"image\":{\"@id\":\"https:\\\/\\\/cargotainer.de\\\/#\\\/schema\\\/logo\\\/image\\\/\"}}]}<\/script>\n<!-- \/ Yoast SEO plugin. -->","yoast_head_json":{"title":"Transporte - Cargotainer","robots":{"index":"index","follow":"follow","max-snippet":"max-snippet:-1","max-image-preview":"max-image-preview:large","max-video-preview":"max-video-preview:-1"},"canonical":"https:\/\/cargotainer.de\/en\/transporte\/","og_locale":"en_GB","og_type":"article","og_title":"Transporte - Cargotainer","og_description":"Logistik ohne Grenzen Unsere langj\u00e4hrige Erfahrung bei der Erarbeitung kompletter logistischer Probleml\u00f6sungen hat uns zu einem kompetenten Logistikpartner werden lassen. Der Einsatz von Tank- und Silocontainern im kombinierten Verkehr und somit die Summe ihrer \u00f6konomischen und \u00f6kologischen Systemvorteile verstehen wir als geeignetes Mittel, um unsere Grunds\u00e4tze zu verwirklichen und unseren Kunden Wettbewerbsvorteile zu verschaffen. Wir [&hellip;]","og_url":"https:\/\/cargotainer.de\/en\/transporte\/","og_site_name":"Cargotainer","article_modified_time":"2025-07-21T09:05:46+00:00","og_image":[{"url":"http:\/\/cargotainer.de\/wp-content\/uploads\/2025\/07\/Transporte-klein.jpg","type":"","width":"","height":""}],"twitter_card":"summary_large_image","twitter_misc":{"Estimated reading time":"1 minute"},"schema":{"@context":"https:\/\/schema.org","@graph":[{"@type":"WebPage","@id":"https:\/\/cargotainer.de\/transporte\/","url":"https:\/\/cargotainer.de\/transporte\/","name":"Transporte - Cargotainer","isPartOf":{"@id":"https:\/\/cargotainer.de\/#website"},"primaryImageOfPage":{"@id":"https:\/\/cargotainer.de\/transporte\/#primaryimage"},"image":{"@id":"https:\/\/cargotainer.de\/transporte\/#primaryimage"},"thumbnailUrl":"http:\/\/cargotainer.de\/wp-content\/uploads\/2025\/07\/Transporte-klein.jpg","datePublished":"2025-07-17T11:36:41+00:00","dateModified":"2025-07-21T09:05:46+00:00","inLanguage":"en-GB","potentialAction":[{"@type":"ReadAction","target":["https:\/\/cargotainer.de\/transporte\/"]}]},{"@type":"ImageObject","inLanguage":"en-GB","@id":"https:\/\/cargotainer.de\/transporte\/#primaryimage","url":"http:\/\/cargotainer.de\/wp-content\/uploads\/2025\/07\/Transporte-klein.jpg","contentUrl":"http:\/\/cargotainer.de\/wp-content\/uploads\/2025\/07\/Transporte-klein.jpg"},{"@type":"WebSite","@id":"https:\/\/cargotainer.de\/#website","url":"https:\/\/cargotainer.de\/","name":"Cargotainer","description":"","publisher":{"@id":"https:\/\/cargotainer.de\/#organization"},"potentialAction":[{"@type":"SearchAction","target":{"@type":"EntryPoint","urlTemplate":"https:\/\/cargotainer.de\/?s={search_term_string}"},"query-input":{"@type":"PropertyValueSpecification","valueRequired":true,"valueName":"search_term_string"}}],"inLanguage":"en-GB"},{"@type":"Organization","@id":"https:\/\/cargotainer.de\/#organization","name":"Cargotainer","url":"https:\/\/cargotainer.de\/","logo":{"@type":"ImageObject","inLanguage":"en-GB","@id":"https:\/\/cargotainer.de\/#\/schema\/logo\/image\/","url":"https:\/\/cargotainer.de\/wp-content\/uploads\/2025\/07\/logo.jpg","contentUrl":"https:\/\/cargotainer.de\/wp-content\/uploads\/2025\/07\/logo.jpg","width":316,"height":60,"caption":"Cargotainer"},"image":{"@id":"https:\/\/cargotainer.de\/#\/schema\/logo\/image\/"}}]}},"_links":{"self":[{"href":"https:\/\/cargotainer.de\/en\/wp-json\/wp\/v2\/pages\/119","targetHints":{"allow":["GET"]}}],"collection":[{"href":"https:\/\/cargotainer.de\/en\/wp-json\/wp\/v2\/pages"}],"about":[{"href":"https:\/\/cargotainer.de\/en\/wp-json\/wp\/v2\/types\/page"}],"author":[{"embeddable":true,"href":"https:\/\/cargotainer.de\/en\/wp-json\/wp\/v2\/users\/1"}],"replies":[{"embeddable":true,"href":"https:\/\/cargotainer.de\/en\/wp-json\/wp\/v2\/comments?post=119"}],"version-history":[{"count":0,"href":"https:\/\/cargotainer.de\/en\/wp-json\/wp\/v2\/pages\/119\/revisions"}],"wp:attachment":[{"href":"https:\/\/cargotainer.de\/en\/wp-json\/wp\/v2\/media?parent=119"}],"curies":[{"name":"wp","href":"https:\/\/api.w.org\/{rel}","templated":true}]}}