{"id":8,"date":"2025-07-17T08:35:50","date_gmt":"2025-07-17T06:35:50","guid":{"rendered":"http:\/\/6510151399522.hostingkunde.de\/?page_id=8"},"modified":"2026-02-01T17:54:45","modified_gmt":"2026-02-01T16:54:45","slug":"unternehmen","status":"publish","type":"page","link":"http:\/\/cargotainer.de\/en\/","title":{"rendered":"Company Profile"},"content":{"rendered":"<div data-elementor-type=\"wp-page\" data-elementor-id=\"8\" class=\"elementor elementor-8\">\n\t\t\t\t<div class=\"elementor-element elementor-element-6b5585f e-flex e-con-boxed e-con e-parent\" data-id=\"6b5585f\" data-element_type=\"container\">\n\t\t\t\t\t<div class=\"e-con-inner\">\n\t\t\t\t\t<\/div>\n\t\t\t\t<\/div>\n\t\t<div class=\"elementor-element elementor-element-44577e7 e-flex e-con-boxed e-con e-parent\" data-id=\"44577e7\" data-element_type=\"container\">\n\t\t\t\t\t<div class=\"e-con-inner\">\n\t\t\t\t\t<\/div>\n\t\t\t\t<\/div>\n\t\t<div class=\"elementor-element elementor-element-2dc2511 e-flex e-con-boxed e-con e-parent\" data-id=\"2dc2511\" data-element_type=\"container\">\n\t\t\t\t\t<div class=\"e-con-inner\">\n\t\t<div class=\"elementor-element elementor-element-594d45f e-con-full e-flex e-con e-child\" data-id=\"594d45f\" data-element_type=\"container\">\n\t\t\t\t<div class=\"elementor-element elementor-element-b90c7b0 elementor-widget elementor-widget-hfe-breadcrumbs-widget\" data-id=\"b90c7b0\" data-element_type=\"widget\" data-widget_type=\"hfe-breadcrumbs-widget.default\">\n\t\t\t\t<div class=\"elementor-widget-container\">\n\t\t\t\t\t<nav aria-label=\"Breadcrumb\"><ul class=\"hfe-breadcrumbs\"><\/ul><\/nav>\t\t\t\t<\/div>\n\t\t\t\t<\/div>\n\t\t\t\t<div class=\"elementor-element elementor-element-32e10bc elementor-widget elementor-widget-heading\" data-id=\"32e10bc\" data-element_type=\"widget\" data-widget_type=\"heading.default\">\n\t\t\t\t\t<h2 class=\"elementor-heading-title elementor-size-default\">With clear objectives on the road<\/h2>\t\t\t\t<\/div>\n\t\t\t\t<div class=\"elementor-element elementor-element-ef84c00 elementor-widget elementor-widget-text-editor\" data-id=\"ef84c00\" data-element_type=\"widget\" data-widget_type=\"text-editor.default\">\n\t\t\t\t\t\t\t\t\t<div id=\"content\"><div class=\"item-page\"><p>Dynamic, mobile and consistent. These are the main reasons for Cargotainer's success in the global market for more than 20 years. As an international forwarding company, we pay great attention to efficient processes, punctuality and environmental awareness.<\/p><p>Cargotainer GmbH, with it's headquarters in Mannheim, is located in the centre of the \"Rhein-Neckar-Region\", an important hub for the transport of goods. Consequently our customers benefit from the ideal rail, barge and road connections. Our container fleet includes tank and silo containers for the transport of harmless and hazardous cargo.<\/p><p>We operate primarily within the combined door-to-door traffic (rail\/road) throughout Europe, but at the same time we are globally active, for example, the CIS. Overseas transport is also part of our program. We maintain an intensive business relationship with South Africa and Israel.<\/p><\/div><\/div>\t\t\t\t\t\t\t\t<\/div>\n\t\t\t\t<\/div>\n\t\t<div class=\"elementor-element elementor-element-000b94e e-con-full e-flex e-con e-child\" data-id=\"000b94e\" data-element_type=\"container\">\n\t\t\t\t<div class=\"elementor-element elementor-element-3c41db7 elementor-widget__width-initial elementor-widget elementor-widget-sidebar\" data-id=\"3c41db7\" data-element_type=\"widget\" data-widget_type=\"sidebar.default\">\n\t\t\t\t\t\n<h2 class=\"wp-block-heading has-small-font-size\">CARGOTAINER GmbH<br>Internationale Fachspedition<\/h2>\n\n<p class=\"has-small-font-size\">\u00d6lhafenstra\u00dfe 36<br>68169 Mannheim\nGermany<br><\/p>\n\n<p class=\"has-small-font-size\">MO-FR\u00a0 08:00 bis 17:00 Uhr<\/p>\n\n<p class=\"has-small-font-size\">Phone: +49 621 15801-0<br>Fax: +49 621 15801-23<\/p>\n\n<p class=\"has-small-font-size\">E-Mail:&nbsp;<a href=\"mailto:info@cargotainer.de\">info@cargotainer.de<\/a><\/p>\n\t\t\t\t<\/div>\n\t\t\t\t<div class=\"elementor-element elementor-element-67cbfad elementor-widget__width-initial elementor-widget elementor-widget-image\" data-id=\"67cbfad\" data-element_type=\"widget\" data-widget_type=\"image.default\">\n\t\t\t\t\t\t\t\t\t\t\t\t\t\t\t<img decoding=\"async\" width=\"235\" height=\"176\" src=\"https:\/\/cargotainer.de\/wp-content\/uploads\/2025\/07\/cargotainer_pic.jpg\" class=\"attachment-full size-full wp-image-20\" alt=\"\" \/>\t\t\t\t\t\t\t\t\t\t\t\t\t\t\t<\/div>\n\t\t\t\t<\/div>\n\t\t\t\t\t<\/div>\n\t\t\t\t<\/div>\n\t\t\t\t<\/div>","protected":false},"excerpt":{"rendered":"<p>Mit klaren Zielen unterwegs Dynamik, Beweglichkeit und Konsequenz. Nach diesen Leitgedanken agiert die Cargotainer GmbH schon seit \u00fcber 20 Jahren erfolgreich am Markt. Als internationale Fachspedition achten wir dabei auf reibungslose Abl\u00e4ufe, Terminsicherheit sowie Umweltvertr\u00e4glichkeit. Die Cargotainer GmbH mit dem Standort Mannheim liegt mitten im Rhein-Neckar-Dreieck, einem wichtigen Drehkreuz f\u00fcr den G\u00fcterverkehr. In diesem Standort [&hellip;]<\/p>\n","protected":false},"author":1,"featured_media":0,"parent":0,"menu_order":0,"comment_status":"closed","ping_status":"closed","template":"","meta":{"_eb_attr":"","footnotes":""},"class_list":["post-8","page","type-page","status-publish","hentry"],"blocksy_meta":[],"yoast_head":"<!-- This site is optimized with the Yoast SEO plugin v27.5 - https:\/\/yoast.com\/product\/yoast-seo-wordpress\/ -->\n<title>Unternehmen - Cargotainer<\/title>\n<meta name=\"robots\" content=\"index, follow, max-snippet:-1, max-image-preview:large, max-video-preview:-1\" \/>\n<link rel=\"canonical\" href=\"https:\/\/cargotainer.de\/en\/\" \/>\n<meta property=\"og:locale\" content=\"en_GB\" \/>\n<meta property=\"og:type\" content=\"article\" \/>\n<meta property=\"og:title\" content=\"Unternehmen - Cargotainer\" \/>\n<meta property=\"og:description\" content=\"Mit klaren Zielen unterwegs Dynamik, Beweglichkeit und Konsequenz. Nach diesen Leitgedanken agiert die Cargotainer GmbH schon seit \u00fcber 20 Jahren erfolgreich am Markt. Als internationale Fachspedition achten wir dabei auf reibungslose Abl\u00e4ufe, Terminsicherheit sowie Umweltvertr\u00e4glichkeit. Die Cargotainer GmbH mit dem Standort Mannheim liegt mitten im Rhein-Neckar-Dreieck, einem wichtigen Drehkreuz f\u00fcr den G\u00fcterverkehr. In diesem Standort [&hellip;]\" \/>\n<meta property=\"og:url\" content=\"https:\/\/cargotainer.de\/en\/\" \/>\n<meta property=\"og:site_name\" content=\"Cargotainer\" \/>\n<meta property=\"article:modified_time\" content=\"2026-02-01T16:54:45+00:00\" \/>\n<meta property=\"og:image\" content=\"https:\/\/cargotainer.de\/wp-content\/uploads\/2025\/07\/cargotainer_pic.jpg\" \/>\n\t<meta property=\"og:image:width\" content=\"235\" \/>\n\t<meta property=\"og:image:height\" content=\"176\" \/>\n\t<meta property=\"og:image:type\" content=\"image\/jpeg\" \/>\n<meta name=\"twitter:card\" content=\"summary_large_image\" \/>\n<meta name=\"twitter:label1\" content=\"Estimated reading time\" \/>\n\t<meta name=\"twitter:data1\" content=\"1 minute\" \/>\n<script type=\"application\/ld+json\" class=\"yoast-schema-graph\">{\"@context\":\"https:\\\/\\\/schema.org\",\"@graph\":[{\"@type\":\"WebPage\",\"@id\":\"https:\\\/\\\/cargotainer.de\\\/\",\"url\":\"https:\\\/\\\/cargotainer.de\\\/\",\"name\":\"Unternehmen - Cargotainer\",\"isPartOf\":{\"@id\":\"https:\\\/\\\/cargotainer.de\\\/#website\"},\"primaryImageOfPage\":{\"@id\":\"https:\\\/\\\/cargotainer.de\\\/#primaryimage\"},\"image\":{\"@id\":\"https:\\\/\\\/cargotainer.de\\\/#primaryimage\"},\"thumbnailUrl\":\"https:\\\/\\\/cargotainer.de\\\/wp-content\\\/uploads\\\/2025\\\/07\\\/cargotainer_pic.jpg\",\"datePublished\":\"2025-07-17T06:35:50+00:00\",\"dateModified\":\"2026-02-01T16:54:45+00:00\",\"inLanguage\":\"en-GB\",\"potentialAction\":[{\"@type\":\"ReadAction\",\"target\":[\"https:\\\/\\\/cargotainer.de\\\/\"]}]},{\"@type\":\"ImageObject\",\"inLanguage\":\"en-GB\",\"@id\":\"https:\\\/\\\/cargotainer.de\\\/#primaryimage\",\"url\":\"https:\\\/\\\/cargotainer.de\\\/wp-content\\\/uploads\\\/2025\\\/07\\\/cargotainer_pic.jpg\",\"contentUrl\":\"https:\\\/\\\/cargotainer.de\\\/wp-content\\\/uploads\\\/2025\\\/07\\\/cargotainer_pic.jpg\"},{\"@type\":\"WebSite\",\"@id\":\"https:\\\/\\\/cargotainer.de\\\/#website\",\"url\":\"https:\\\/\\\/cargotainer.de\\\/\",\"name\":\"Cargotainer\",\"description\":\"\",\"publisher\":{\"@id\":\"https:\\\/\\\/cargotainer.de\\\/#organization\"},\"potentialAction\":[{\"@type\":\"SearchAction\",\"target\":{\"@type\":\"EntryPoint\",\"urlTemplate\":\"https:\\\/\\\/cargotainer.de\\\/?s={search_term_string}\"},\"query-input\":{\"@type\":\"PropertyValueSpecification\",\"valueRequired\":true,\"valueName\":\"search_term_string\"}}],\"inLanguage\":\"en-GB\"},{\"@type\":\"Organization\",\"@id\":\"https:\\\/\\\/cargotainer.de\\\/#organization\",\"name\":\"Cargotainer\",\"url\":\"https:\\\/\\\/cargotainer.de\\\/\",\"logo\":{\"@type\":\"ImageObject\",\"inLanguage\":\"en-GB\",\"@id\":\"https:\\\/\\\/cargotainer.de\\\/#\\\/schema\\\/logo\\\/image\\\/\",\"url\":\"https:\\\/\\\/cargotainer.de\\\/wp-content\\\/uploads\\\/2025\\\/07\\\/logo.jpg\",\"contentUrl\":\"https:\\\/\\\/cargotainer.de\\\/wp-content\\\/uploads\\\/2025\\\/07\\\/logo.jpg\",\"width\":316,\"height\":60,\"caption\":\"Cargotainer\"},\"image\":{\"@id\":\"https:\\\/\\\/cargotainer.de\\\/#\\\/schema\\\/logo\\\/image\\\/\"}}]}<\/script>\n<!-- \/ Yoast SEO plugin. -->","yoast_head_json":{"title":"Unternehmen - Cargotainer","robots":{"index":"index","follow":"follow","max-snippet":"max-snippet:-1","max-image-preview":"max-image-preview:large","max-video-preview":"max-video-preview:-1"},"canonical":"https:\/\/cargotainer.de\/en\/","og_locale":"en_GB","og_type":"article","og_title":"Unternehmen - Cargotainer","og_description":"Mit klaren Zielen unterwegs Dynamik, Beweglichkeit und Konsequenz. Nach diesen Leitgedanken agiert die Cargotainer GmbH schon seit \u00fcber 20 Jahren erfolgreich am Markt. Als internationale Fachspedition achten wir dabei auf reibungslose Abl\u00e4ufe, Terminsicherheit sowie Umweltvertr\u00e4glichkeit. Die Cargotainer GmbH mit dem Standort Mannheim liegt mitten im Rhein-Neckar-Dreieck, einem wichtigen Drehkreuz f\u00fcr den G\u00fcterverkehr. In diesem Standort [&hellip;]","og_url":"https:\/\/cargotainer.de\/en\/","og_site_name":"Cargotainer","article_modified_time":"2026-02-01T16:54:45+00:00","og_image":[{"width":235,"height":176,"url":"https:\/\/cargotainer.de\/wp-content\/uploads\/2025\/07\/cargotainer_pic.jpg","type":"image\/jpeg"}],"twitter_card":"summary_large_image","twitter_misc":{"Estimated reading time":"1 minute"},"schema":{"@context":"https:\/\/schema.org","@graph":[{"@type":"WebPage","@id":"https:\/\/cargotainer.de\/","url":"https:\/\/cargotainer.de\/","name":"Unternehmen - Cargotainer","isPartOf":{"@id":"https:\/\/cargotainer.de\/#website"},"primaryImageOfPage":{"@id":"https:\/\/cargotainer.de\/#primaryimage"},"image":{"@id":"https:\/\/cargotainer.de\/#primaryimage"},"thumbnailUrl":"https:\/\/cargotainer.de\/wp-content\/uploads\/2025\/07\/cargotainer_pic.jpg","datePublished":"2025-07-17T06:35:50+00:00","dateModified":"2026-02-01T16:54:45+00:00","inLanguage":"en-GB","potentialAction":[{"@type":"ReadAction","target":["https:\/\/cargotainer.de\/"]}]},{"@type":"ImageObject","inLanguage":"en-GB","@id":"https:\/\/cargotainer.de\/#primaryimage","url":"https:\/\/cargotainer.de\/wp-content\/uploads\/2025\/07\/cargotainer_pic.jpg","contentUrl":"https:\/\/cargotainer.de\/wp-content\/uploads\/2025\/07\/cargotainer_pic.jpg"},{"@type":"WebSite","@id":"https:\/\/cargotainer.de\/#website","url":"https:\/\/cargotainer.de\/","name":"Cargotainer","description":"","publisher":{"@id":"https:\/\/cargotainer.de\/#organization"},"potentialAction":[{"@type":"SearchAction","target":{"@type":"EntryPoint","urlTemplate":"https:\/\/cargotainer.de\/?s={search_term_string}"},"query-input":{"@type":"PropertyValueSpecification","valueRequired":true,"valueName":"search_term_string"}}],"inLanguage":"en-GB"},{"@type":"Organization","@id":"https:\/\/cargotainer.de\/#organization","name":"Cargotainer","url":"https:\/\/cargotainer.de\/","logo":{"@type":"ImageObject","inLanguage":"en-GB","@id":"https:\/\/cargotainer.de\/#\/schema\/logo\/image\/","url":"https:\/\/cargotainer.de\/wp-content\/uploads\/2025\/07\/logo.jpg","contentUrl":"https:\/\/cargotainer.de\/wp-content\/uploads\/2025\/07\/logo.jpg","width":316,"height":60,"caption":"Cargotainer"},"image":{"@id":"https:\/\/cargotainer.de\/#\/schema\/logo\/image\/"}}]}},"_links":{"self":[{"href":"http:\/\/cargotainer.de\/en\/wp-json\/wp\/v2\/pages\/8","targetHints":{"allow":["GET"]}}],"collection":[{"href":"http:\/\/cargotainer.de\/en\/wp-json\/wp\/v2\/pages"}],"about":[{"href":"http:\/\/cargotainer.de\/en\/wp-json\/wp\/v2\/types\/page"}],"author":[{"embeddable":true,"href":"http:\/\/cargotainer.de\/en\/wp-json\/wp\/v2\/users\/1"}],"replies":[{"embeddable":true,"href":"http:\/\/cargotainer.de\/en\/wp-json\/wp\/v2\/comments?post=8"}],"version-history":[{"count":4,"href":"http:\/\/cargotainer.de\/en\/wp-json\/wp\/v2\/pages\/8\/revisions"}],"predecessor-version":[{"id":432,"href":"http:\/\/cargotainer.de\/en\/wp-json\/wp\/v2\/pages\/8\/revisions\/432"}],"wp:attachment":[{"href":"http:\/\/cargotainer.de\/en\/wp-json\/wp\/v2\/media?parent=8"}],"curies":[{"name":"wp","href":"https:\/\/api.w.org\/{rel}","templated":true}]}}