{"id":272,"date":"2025-07-21T10:23:50","date_gmt":"2025-07-21T08:23:50","guid":{"rendered":"http:\/\/6510151399522.hostingkunde.de\/?page_id=272"},"modified":"2025-07-21T13:14:16","modified_gmt":"2025-07-21T11:14:16","slug":"impressum","status":"publish","type":"page","link":"http:\/\/cargotainer.de\/en\/impressum\/","title":{"rendered":"Legal Notice \/ DataProtection"},"content":{"rendered":"<div data-elementor-type=\"wp-page\" data-elementor-id=\"272\" class=\"elementor elementor-272\">\n\t\t\t\t<div class=\"elementor-element elementor-element-dbe988e e-flex e-con-boxed e-con e-parent\" data-id=\"dbe988e\" data-element_type=\"container\">\n\t\t\t\t\t<div class=\"e-con-inner\">\n\t\t\t\t<div class=\"elementor-element elementor-element-37afa44 elementor-widget elementor-widget-image\" data-id=\"37afa44\" data-element_type=\"widget\" data-widget_type=\"image.default\">\n\t\t\t\t\t\t\t\t\t\t\t\t\t\t\t<img fetchpriority=\"high\" decoding=\"async\" width=\"1000\" height=\"300\" src=\"https:\/\/cargotainer.de\/wp-content\/uploads\/2025\/07\/c01_Impressum.jpg\" class=\"attachment-large size-large wp-image-274\" alt=\"\" srcset=\"https:\/\/cargotainer.de\/wp-content\/uploads\/2025\/07\/c01_Impressum.jpg 1000w, https:\/\/cargotainer.de\/wp-content\/uploads\/2025\/07\/c01_Impressum-300x90.jpg 300w, https:\/\/cargotainer.de\/wp-content\/uploads\/2025\/07\/c01_Impressum-768x230.jpg 768w, https:\/\/cargotainer.de\/wp-content\/uploads\/2025\/07\/c01_Impressum-18x5.jpg 18w\" sizes=\"(max-width: 1000px) 100vw, 1000px\" \/>\t\t\t\t\t\t\t\t\t\t\t\t\t\t\t<\/div>\n\t\t\t\t\t<\/div>\n\t\t\t\t<\/div>\n\t\t<div class=\"elementor-element elementor-element-00543ac e-flex e-con-boxed e-con e-parent\" data-id=\"00543ac\" data-element_type=\"container\">\n\t\t\t\t\t<div class=\"e-con-inner\">\n\t\t<div class=\"elementor-element elementor-element-78f9e6c e-con-full e-flex e-con e-child\" data-id=\"78f9e6c\" data-element_type=\"container\">\n\t\t\t\t<\/div>\n\t\t\t\t\t<\/div>\n\t\t\t\t<\/div>\n\t\t<div class=\"elementor-element elementor-element-195386f e-flex e-con-boxed e-con e-parent\" data-id=\"195386f\" data-element_type=\"container\">\n\t\t\t\t\t<div class=\"e-con-inner\">\n\t\t<div class=\"elementor-element elementor-element-6eb2581 e-con-full e-flex e-con e-child\" data-id=\"6eb2581\" data-element_type=\"container\">\n\t\t\t\t<div class=\"elementor-element elementor-element-4573be6 elementor-widget elementor-widget-heading\" data-id=\"4573be6\" data-element_type=\"widget\" data-widget_type=\"heading.default\">\n\t\t\t\t\t<h2 class=\"elementor-heading-title elementor-size-default\">Legal notice<\/h2>\t\t\t\t<\/div>\n\t\t<div class=\"elementor-element elementor-element-4e8a0e6 e-con-full e-flex e-con e-child\" data-id=\"4e8a0e6\" data-element_type=\"container\">\n\t\t\t\t<\/div>\n\t\t\t\t<div class=\"elementor-element elementor-element-f78af69 elementor-widget elementor-widget-heading\" data-id=\"f78af69\" data-element_type=\"widget\" data-widget_type=\"heading.default\">\n\t\t\t\t\t<h4 class=\"elementor-heading-title elementor-size-default\">Corporate Headquaters:\n<\/h4>\t\t\t\t<\/div>\n\t\t\t\t<div class=\"elementor-element elementor-element-787ec06 elementor-widget elementor-widget-text-editor\" data-id=\"787ec06\" data-element_type=\"widget\" data-widget_type=\"text-editor.default\">\n\t\t\t\t\t\t\t\t\t<p>Cargotainer GmbH &#8211; Internationale Fachspedition<br \/>P.O. Box 20 01 11<br \/>68310 Mannheim<br \/>\u00d6lhafenstra\u00dfe 36<br \/>68169 Mannheim\nGermany<\/p><p>Phone: +49 621 15801-0<br \/>Fax:\u00a0 +49 621 15801-23<\/p><p>E-Mail:\u00a0\u00a0<a href=\"mailto:info@cargotainer.de\">info@cargotainer.de<\/a><\/p><p>Registration Court: HRB 5914 Mannheim<br \/>Managing Director: Dipl.-Kfm. Matthias Fuchs<br \/>VAT ID: DE 811197663<\/p><p>Cargotainer GmbH - Internationale Fachspedition regularly checks and updates the information on its websites. While we attempt to ensure the accurace of the information, this information is subject to change without notice. Accordingly, no liability can be accepted for the content being accurate and relevant.  The same applies in respect of any website to which a hyperlink is provided. Cargotainer GmbH accepts no responsibility for the content of any such websites. Furthermore, Cargotainer GmbH reserves the right to amend or revise all information without notice. The content of this website is protected by copyright and contents of these web pages may only be reproduced with our prior written agreement. Consequently the storing and copying of text, parts of text, images and graphics from this website is not permitted. Copyright and trademark notices may not be modified or deleted. The use of this website in a manner which may cause obstruction or inconvenience to other users of Cargotainer's online presentation is prohibited. Any other activity in relation to our online presentation is subject to our prior written permission.<\/p>\t\t\t\t\t\t\t\t<\/div>\n\t\t\t\t<div class=\"elementor-element elementor-element-23dbdfb elementor-widget elementor-widget-heading\" data-id=\"23dbdfb\" data-element_type=\"widget\" data-widget_type=\"heading.default\">\n\t\t\t\t\t<h4 class=\"elementor-heading-title elementor-size-default\">Data Privacy Statement<\/h4>\t\t\t\t<\/div>\n\t\t\t\t<div class=\"elementor-element elementor-element-42f82a9 elementor-widget elementor-widget-text-editor\" data-id=\"42f82a9\" data-element_type=\"widget\" data-widget_type=\"text-editor.default\">\n\t\t\t\t\t\t\t\t\t<p>Responsible authority in terms of the Data Protection Act is:<\/p><p>Matthias Fuchs<\/p>\t\t\t\t\t\t\t\t<\/div>\n\t\t\t\t<div class=\"elementor-element elementor-element-1172fc4 elementor-widget elementor-widget-heading\" data-id=\"1172fc4\" data-element_type=\"widget\" data-widget_type=\"heading.default\">\n\t\t\t\t\t<h4 class=\"elementor-heading-title elementor-size-default\">Deletion or blocking of Data\n\n<\/h4>\t\t\t\t<\/div>\n\t\t\t\t<div class=\"elementor-element elementor-element-49b2bbb elementor-widget elementor-widget-text-editor\" data-id=\"49b2bbb\" data-element_type=\"widget\" data-widget_type=\"text-editor.default\">\n\t\t\t\t\t\t\t\t\t<p>We maintain the principles of avoidance and economy of data. Therefore we store your personal data only as long as it is necessary in order to fulfil its purpose or as long as it is provided by the various regulations. After fulfillment of its purpose or expiration of the storing period the data will be deleted or blocked according to the regulations.<\/p>\t\t\t\t\t\t\t\t<\/div>\n\t\t\t\t<div class=\"elementor-element elementor-element-16debc8 elementor-widget elementor-widget-heading\" data-id=\"16debc8\" data-element_type=\"widget\" data-widget_type=\"heading.default\">\n\t\t\t\t\t<h4 class=\"elementor-heading-title elementor-size-default\">Usage of Scriptlibraries (Google Webfonts)\n\n<\/h4>\t\t\t\t<\/div>\n\t\t\t\t<div class=\"elementor-element elementor-element-b729db7 elementor-widget elementor-widget-text-editor\" data-id=\"b729db7\" data-element_type=\"widget\" data-widget_type=\"text-editor.default\">\n\t\t\t\t\t\t\t\t\t<p>We use script- and fontlibraries such as Google Webfonts on this Webpage in order to display content correctly and attractive across the browsers. Google Webfonts are transferred into your browser cache to avoid multiple reloads. If your browser does not support Google Webfonts or prevents access, the content will then be displayed in standard font.\n\nAccessing script- or fontlibraries automatically triggers a connection to the operator of the library. During that process it is theoretically possible \u2013 but currently unclear if and for what purpose \u2013 that above mentioned library operators collect data. Following you will find the privacy policy of the library operator Google:\n\nhttps:\/\/policies.google.com\/privacy?hl=en-GB<\/p>\t\t\t\t\t\t\t\t<\/div>\n\t\t\t\t<div class=\"elementor-element elementor-element-713c600 elementor-widget elementor-widget-heading\" data-id=\"713c600\" data-element_type=\"widget\" data-widget_type=\"heading.default\">\n\t\t\t\t\t<h4 class=\"elementor-heading-title elementor-size-default\">Usage of Google Maps\n<\/h4>\t\t\t\t<\/div>\n\t\t\t\t<div class=\"elementor-element elementor-element-1816bea elementor-widget elementor-widget-text-editor\" data-id=\"1816bea\" data-element_type=\"widget\" data-widget_type=\"text-editor.default\">\n\t\t\t\t\t\t\t\t\t<p class=\" translation-block\">This website utilizes Google Maps API to display geographical information visually. Google collects, processes and utilizes data about the users of the map functions during the access of Google Maps. You can find further information about Googles data processing in the Google Data Protection Notes. You can also adjust your personal data privacy settings in the data privacy control center. <a href=\"https:\/\/support.google.com\/accounts\/answer\/3024190\">Here<\/a> you will find detailed instructions to manage your own data in connection with Google products.<\/p>\t\t\t\t\t\t\t\t<\/div>\n\t\t\t\t<div class=\"elementor-element elementor-element-d89ae94 elementor-widget elementor-widget-heading\" data-id=\"d89ae94\" data-element_type=\"widget\" data-widget_type=\"heading.default\">\n\t\t\t\t\t<h4 class=\"elementor-heading-title elementor-size-default\">Your rights to demand information, correction, blocking, deletion and objection\n<\/h4>\t\t\t\t<\/div>\n\t\t\t\t<div class=\"elementor-element elementor-element-aee3a00 elementor-widget elementor-widget-text-editor\" data-id=\"aee3a00\" data-element_type=\"widget\" data-widget_type=\"text-editor.default\">\n\t\t\t\t\t\t\t\t\t<p>You are entitled to demand information about your stored personal data. Further you have the right to demand correction, blocking or deletion of your personal data apart from the data required for business completion. Please contact our data protection commissioner. You will find contact details at the very bottom.<br \/><br \/>In order to be able to consider a data blocking at any time the data has to be maintained in a locking file for control purposes. You can ask for deletion of the data as long as there is no legal filing responsibility. If there is a legal filing responsibility we will block your data on your request.<br \/><br \/>You can request changes or object to an agreement by informing us for future effect.<\/p>\t\t\t\t\t\t\t\t<\/div>\n\t\t\t\t<div class=\"elementor-element elementor-element-42e97e0 elementor-widget elementor-widget-heading\" data-id=\"42e97e0\" data-element_type=\"widget\" data-widget_type=\"heading.default\">\n\t\t\t\t\t<h4 class=\"elementor-heading-title elementor-size-default\">Amendment of our privacy policy\n<\/h4>\t\t\t\t<\/div>\n\t\t\t\t<div class=\"elementor-element elementor-element-0b6a537 elementor-widget elementor-widget-text-editor\" data-id=\"0b6a537\" data-element_type=\"widget\" data-widget_type=\"text-editor.default\">\n\t\t\t\t\t\t\t\t\t<p>We reserve the right to adjust this data privacy statement occasionally to ensure the fulfillment of all current legal requirements at any time or to process changes in our performance such as the introduction of new services. At the time of your next access the new privacy policy will be valid.<\/p>\t\t\t\t\t\t\t\t<\/div>\n\t\t\t\t<div class=\"elementor-element elementor-element-dca592a elementor-widget elementor-widget-heading\" data-id=\"dca592a\" data-element_type=\"widget\" data-widget_type=\"heading.default\">\n\t\t\t\t\t<h4 class=\"elementor-heading-title elementor-size-default\">Questions to the data protection commissioner\n<\/h4>\t\t\t\t<\/div>\n\t\t\t\t<div class=\"elementor-element elementor-element-e7d267e elementor-widget elementor-widget-text-editor\" data-id=\"e7d267e\" data-element_type=\"widget\" data-widget_type=\"text-editor.default\">\n\t\t\t\t\t\t\t\t\t<p>If you have any questions according to data protection don\u2019t hesitate to contact us by mail:\u00a0<a href=\"mailto:info@cargotainer.de\">info@cargotainer.de<\/a><\/p>\t\t\t\t\t\t\t\t<\/div>\n\t\t\t\t<\/div>\n\t\t<div class=\"elementor-element elementor-element-e687512 e-con-full e-flex e-con e-child\" data-id=\"e687512\" data-element_type=\"container\">\n\t\t\t\t<div class=\"elementor-element elementor-element-916028b elementor-widget elementor-widget-sidebar\" data-id=\"916028b\" data-element_type=\"widget\" data-widget_type=\"sidebar.default\">\n\t\t\t\t\t\n<h2 class=\"wp-block-heading has-small-font-size\">CARGOTAINER GmbH<br>Internationale Fachspedition<\/h2>\n\n<p class=\"has-small-font-size\">\u00d6lhafenstra\u00dfe 36<br>68169 Mannheim\nGermany<br><\/p>\n\n<p class=\"has-small-font-size\">MO-FR\u00a0 08:00 bis 17:00 Uhr<\/p>\n\n<p class=\"has-small-font-size\">Phone: +49 621 15801-0<br>Fax: +49 621 15801-23<\/p>\n\n<p class=\"has-small-font-size\">E-Mail:&nbsp;<a href=\"mailto:info@cargotainer.de\">info@cargotainer.de<\/a><\/p>\n\t\t\t\t<\/div>\n\t\t\t\t<div class=\"elementor-element elementor-element-36de2a3 elementor-widget elementor-widget-image\" data-id=\"36de2a3\" data-element_type=\"widget\" data-widget_type=\"image.default\">\n\t\t\t\t\t\t\t\t\t\t\t\t\t\t\t<img decoding=\"async\" width=\"235\" height=\"176\" src=\"https:\/\/cargotainer.de\/wp-content\/uploads\/2025\/07\/Impressum-klein.jpeg\" class=\"attachment-large size-large wp-image-275\" alt=\"\" srcset=\"https:\/\/cargotainer.de\/wp-content\/uploads\/2025\/07\/Impressum-klein.jpeg 235w, https:\/\/cargotainer.de\/wp-content\/uploads\/2025\/07\/Impressum-klein-16x12.jpeg 16w\" sizes=\"(max-width: 235px) 100vw, 235px\" \/>\t\t\t\t\t\t\t\t\t\t\t\t\t\t\t<\/div>\n\t\t\t\t<\/div>\n\t\t\t\t\t<\/div>\n\t\t\t\t<\/div>\n\t\t\t\t<\/div>","protected":false},"excerpt":{"rendered":"<p>Impressum Unternehmenszentrale: Cargotainer GmbH &#8211; Internationale FachspeditionPostfach 20 01 1168310 Mannheim\u00d6lhafenstra\u00dfe 3668169 Mannheim Tel.:\u00a0 +49 621 15801-0Fax:\u00a0 +49 621 15801-23 E-Mail:\u00a0\u00a0info@cargotainer.de Handelsregister: HRB 5914 MannheimGesch\u00e4ftsf\u00fchrer: Dipl.-Kfm. Matthias FuchsUmsatzsteuer-Identifikationsnummer: DE 811197663 Die Cargotainer GmbH &#8211; Internationale Fachspedition pr\u00fcft und aktualisiert die Informationen auf ihren Webseiten st\u00e4ndig. Trotz aller Sorgfalt k\u00f6nnen sich die Daten inzwischen ver\u00e4ndert haben. [&hellip;]<\/p>\n","protected":false},"author":1,"featured_media":0,"parent":0,"menu_order":0,"comment_status":"closed","ping_status":"closed","template":"","meta":{"_eb_attr":"","footnotes":""},"class_list":["post-272","page","type-page","status-publish","hentry"],"blocksy_meta":[],"yoast_head":"<!-- This site is optimized with the Yoast SEO plugin v27.4 - https:\/\/yoast.com\/product\/yoast-seo-wordpress\/ -->\n<title>Impressum \/ Datenschutz - Cargotainer<\/title>\n<meta name=\"robots\" content=\"index, follow, max-snippet:-1, max-image-preview:large, max-video-preview:-1\" \/>\n<link rel=\"canonical\" href=\"https:\/\/cargotainer.de\/en\/impressum\/\" \/>\n<meta property=\"og:locale\" content=\"en_GB\" \/>\n<meta property=\"og:type\" content=\"article\" \/>\n<meta property=\"og:title\" content=\"Impressum \/ Datenschutz - Cargotainer\" \/>\n<meta property=\"og:description\" content=\"Impressum Unternehmenszentrale: Cargotainer GmbH &#8211; Internationale FachspeditionPostfach 20 01 1168310 Mannheim\u00d6lhafenstra\u00dfe 3668169 Mannheim Tel.:\u00a0 +49 621 15801-0Fax:\u00a0 +49 621 15801-23 E-Mail:\u00a0\u00a0info@cargotainer.de Handelsregister: HRB 5914 MannheimGesch\u00e4ftsf\u00fchrer: Dipl.-Kfm. Matthias FuchsUmsatzsteuer-Identifikationsnummer: DE 811197663 Die Cargotainer GmbH &#8211; Internationale Fachspedition pr\u00fcft und aktualisiert die Informationen auf ihren Webseiten st\u00e4ndig. Trotz aller Sorgfalt k\u00f6nnen sich die Daten inzwischen ver\u00e4ndert haben. [&hellip;]\" \/>\n<meta property=\"og:url\" content=\"https:\/\/cargotainer.de\/en\/impressum\/\" \/>\n<meta property=\"og:site_name\" content=\"Cargotainer\" \/>\n<meta property=\"article:modified_time\" content=\"2025-07-21T11:14:16+00:00\" \/>\n<meta property=\"og:image\" content=\"http:\/\/cargotainer.de\/wp-content\/uploads\/2025\/07\/c01_Impressum.jpg\" \/>\n<meta name=\"twitter:card\" content=\"summary_large_image\" \/>\n<script type=\"application\/ld+json\" class=\"yoast-schema-graph\">{\"@context\":\"https:\\\/\\\/schema.org\",\"@graph\":[{\"@type\":\"WebPage\",\"@id\":\"https:\\\/\\\/cargotainer.de\\\/impressum\\\/\",\"url\":\"https:\\\/\\\/cargotainer.de\\\/impressum\\\/\",\"name\":\"Impressum \\\/ Datenschutz - Cargotainer\",\"isPartOf\":{\"@id\":\"https:\\\/\\\/cargotainer.de\\\/#website\"},\"primaryImageOfPage\":{\"@id\":\"https:\\\/\\\/cargotainer.de\\\/impressum\\\/#primaryimage\"},\"image\":{\"@id\":\"https:\\\/\\\/cargotainer.de\\\/impressum\\\/#primaryimage\"},\"thumbnailUrl\":\"http:\\\/\\\/cargotainer.de\\\/wp-content\\\/uploads\\\/2025\\\/07\\\/c01_Impressum.jpg\",\"datePublished\":\"2025-07-21T08:23:50+00:00\",\"dateModified\":\"2025-07-21T11:14:16+00:00\",\"inLanguage\":\"en-GB\",\"potentialAction\":[{\"@type\":\"ReadAction\",\"target\":[\"https:\\\/\\\/cargotainer.de\\\/impressum\\\/\"]}]},{\"@type\":\"ImageObject\",\"inLanguage\":\"en-GB\",\"@id\":\"https:\\\/\\\/cargotainer.de\\\/impressum\\\/#primaryimage\",\"url\":\"http:\\\/\\\/cargotainer.de\\\/wp-content\\\/uploads\\\/2025\\\/07\\\/c01_Impressum.jpg\",\"contentUrl\":\"http:\\\/\\\/cargotainer.de\\\/wp-content\\\/uploads\\\/2025\\\/07\\\/c01_Impressum.jpg\"},{\"@type\":\"WebSite\",\"@id\":\"https:\\\/\\\/cargotainer.de\\\/#website\",\"url\":\"https:\\\/\\\/cargotainer.de\\\/\",\"name\":\"Cargotainer\",\"description\":\"\",\"publisher\":{\"@id\":\"https:\\\/\\\/cargotainer.de\\\/#organization\"},\"potentialAction\":[{\"@type\":\"SearchAction\",\"target\":{\"@type\":\"EntryPoint\",\"urlTemplate\":\"https:\\\/\\\/cargotainer.de\\\/?s={search_term_string}\"},\"query-input\":{\"@type\":\"PropertyValueSpecification\",\"valueRequired\":true,\"valueName\":\"search_term_string\"}}],\"inLanguage\":\"en-GB\"},{\"@type\":\"Organization\",\"@id\":\"https:\\\/\\\/cargotainer.de\\\/#organization\",\"name\":\"Cargotainer\",\"url\":\"https:\\\/\\\/cargotainer.de\\\/\",\"logo\":{\"@type\":\"ImageObject\",\"inLanguage\":\"en-GB\",\"@id\":\"https:\\\/\\\/cargotainer.de\\\/#\\\/schema\\\/logo\\\/image\\\/\",\"url\":\"https:\\\/\\\/cargotainer.de\\\/wp-content\\\/uploads\\\/2025\\\/07\\\/logo.jpg\",\"contentUrl\":\"https:\\\/\\\/cargotainer.de\\\/wp-content\\\/uploads\\\/2025\\\/07\\\/logo.jpg\",\"width\":316,\"height\":60,\"caption\":\"Cargotainer\"},\"image\":{\"@id\":\"https:\\\/\\\/cargotainer.de\\\/#\\\/schema\\\/logo\\\/image\\\/\"}}]}<\/script>\n<!-- \/ Yoast SEO plugin. -->","yoast_head_json":{"title":"Impressum \/ Datenschutz - Cargotainer","robots":{"index":"index","follow":"follow","max-snippet":"max-snippet:-1","max-image-preview":"max-image-preview:large","max-video-preview":"max-video-preview:-1"},"canonical":"https:\/\/cargotainer.de\/en\/impressum\/","og_locale":"en_GB","og_type":"article","og_title":"Impressum \/ Datenschutz - Cargotainer","og_description":"Impressum Unternehmenszentrale: Cargotainer GmbH &#8211; Internationale FachspeditionPostfach 20 01 1168310 Mannheim\u00d6lhafenstra\u00dfe 3668169 Mannheim Tel.:\u00a0 +49 621 15801-0Fax:\u00a0 +49 621 15801-23 E-Mail:\u00a0\u00a0info@cargotainer.de Handelsregister: HRB 5914 MannheimGesch\u00e4ftsf\u00fchrer: Dipl.-Kfm. Matthias FuchsUmsatzsteuer-Identifikationsnummer: DE 811197663 Die Cargotainer GmbH &#8211; Internationale Fachspedition pr\u00fcft und aktualisiert die Informationen auf ihren Webseiten st\u00e4ndig. Trotz aller Sorgfalt k\u00f6nnen sich die Daten inzwischen ver\u00e4ndert haben. [&hellip;]","og_url":"https:\/\/cargotainer.de\/en\/impressum\/","og_site_name":"Cargotainer","article_modified_time":"2025-07-21T11:14:16+00:00","og_image":[{"url":"http:\/\/cargotainer.de\/wp-content\/uploads\/2025\/07\/c01_Impressum.jpg","type":"","width":"","height":""}],"twitter_card":"summary_large_image","schema":{"@context":"https:\/\/schema.org","@graph":[{"@type":"WebPage","@id":"https:\/\/cargotainer.de\/impressum\/","url":"https:\/\/cargotainer.de\/impressum\/","name":"Impressum \/ Datenschutz - Cargotainer","isPartOf":{"@id":"https:\/\/cargotainer.de\/#website"},"primaryImageOfPage":{"@id":"https:\/\/cargotainer.de\/impressum\/#primaryimage"},"image":{"@id":"https:\/\/cargotainer.de\/impressum\/#primaryimage"},"thumbnailUrl":"http:\/\/cargotainer.de\/wp-content\/uploads\/2025\/07\/c01_Impressum.jpg","datePublished":"2025-07-21T08:23:50+00:00","dateModified":"2025-07-21T11:14:16+00:00","inLanguage":"en-GB","potentialAction":[{"@type":"ReadAction","target":["https:\/\/cargotainer.de\/impressum\/"]}]},{"@type":"ImageObject","inLanguage":"en-GB","@id":"https:\/\/cargotainer.de\/impressum\/#primaryimage","url":"http:\/\/cargotainer.de\/wp-content\/uploads\/2025\/07\/c01_Impressum.jpg","contentUrl":"http:\/\/cargotainer.de\/wp-content\/uploads\/2025\/07\/c01_Impressum.jpg"},{"@type":"WebSite","@id":"https:\/\/cargotainer.de\/#website","url":"https:\/\/cargotainer.de\/","name":"Cargotainer","description":"","publisher":{"@id":"https:\/\/cargotainer.de\/#organization"},"potentialAction":[{"@type":"SearchAction","target":{"@type":"EntryPoint","urlTemplate":"https:\/\/cargotainer.de\/?s={search_term_string}"},"query-input":{"@type":"PropertyValueSpecification","valueRequired":true,"valueName":"search_term_string"}}],"inLanguage":"en-GB"},{"@type":"Organization","@id":"https:\/\/cargotainer.de\/#organization","name":"Cargotainer","url":"https:\/\/cargotainer.de\/","logo":{"@type":"ImageObject","inLanguage":"en-GB","@id":"https:\/\/cargotainer.de\/#\/schema\/logo\/image\/","url":"https:\/\/cargotainer.de\/wp-content\/uploads\/2025\/07\/logo.jpg","contentUrl":"https:\/\/cargotainer.de\/wp-content\/uploads\/2025\/07\/logo.jpg","width":316,"height":60,"caption":"Cargotainer"},"image":{"@id":"https:\/\/cargotainer.de\/#\/schema\/logo\/image\/"}}]}},"_links":{"self":[{"href":"http:\/\/cargotainer.de\/en\/wp-json\/wp\/v2\/pages\/272","targetHints":{"allow":["GET"]}}],"collection":[{"href":"http:\/\/cargotainer.de\/en\/wp-json\/wp\/v2\/pages"}],"about":[{"href":"http:\/\/cargotainer.de\/en\/wp-json\/wp\/v2\/types\/page"}],"author":[{"embeddable":true,"href":"http:\/\/cargotainer.de\/en\/wp-json\/wp\/v2\/users\/1"}],"replies":[{"embeddable":true,"href":"http:\/\/cargotainer.de\/en\/wp-json\/wp\/v2\/comments?post=272"}],"version-history":[{"count":1,"href":"http:\/\/cargotainer.de\/en\/wp-json\/wp\/v2\/pages\/272\/revisions"}],"predecessor-version":[{"id":394,"href":"http:\/\/cargotainer.de\/en\/wp-json\/wp\/v2\/pages\/272\/revisions\/394"}],"wp:attachment":[{"href":"http:\/\/cargotainer.de\/en\/wp-json\/wp\/v2\/media?parent=272"}],"curies":[{"name":"wp","href":"https:\/\/api.w.org\/{rel}","templated":true}]}}