{"id":230,"date":"2025-07-21T09:40:50","date_gmt":"2025-07-21T07:40:50","guid":{"rendered":"http:\/\/6510151399522.hostingkunde.de\/?page_id=230"},"modified":"2026-01-25T10:37:13","modified_gmt":"2026-01-25T09:37:13","slug":"kontakt","status":"publish","type":"page","link":"http:\/\/cargotainer.de\/en\/kontakt\/","title":{"rendered":"Contact"},"content":{"rendered":"<div data-elementor-type=\"wp-page\" data-elementor-id=\"230\" class=\"elementor elementor-230\">\n\t\t\t\t<div class=\"elementor-element elementor-element-8e26bbb e-flex e-con-boxed e-con e-parent\" data-id=\"8e26bbb\" data-element_type=\"container\">\n\t\t\t\t\t<div class=\"e-con-inner\">\n\t\t\t\t\t<\/div>\n\t\t\t\t<\/div>\n\t\t<div class=\"elementor-element elementor-element-cbb37e2 e-flex e-con-boxed e-con e-parent\" data-id=\"cbb37e2\" data-element_type=\"container\">\n\t\t\t\t\t<div class=\"e-con-inner\">\n\t\t<div class=\"elementor-element elementor-element-e160fe8 e-con-full e-flex e-con e-child\" data-id=\"e160fe8\" data-element_type=\"container\">\n\t\t\t\t<\/div>\n\t\t\t\t\t<\/div>\n\t\t\t\t<\/div>\n\t\t<div class=\"elementor-element elementor-element-5b18cbb e-flex e-con-boxed e-con e-parent\" data-id=\"5b18cbb\" data-element_type=\"container\">\n\t\t\t\t\t<div class=\"e-con-inner\">\n\t\t<div class=\"elementor-element elementor-element-f976a48 e-con-full e-flex e-con e-child\" data-id=\"f976a48\" data-element_type=\"container\">\n\t\t\t\t<div class=\"elementor-element elementor-element-ab0b6ac elementor-widget elementor-widget-heading\" data-id=\"ab0b6ac\" data-element_type=\"widget\" data-widget_type=\"heading.default\">\n\t\t\t\t\t<h2 class=\"elementor-heading-title elementor-size-default\">Information and Questions\n<\/h2>\t\t\t\t<\/div>\n\t\t\t\t<div class=\"elementor-element elementor-element-c63a5a0 elementor-widget elementor-widget-text-editor\" data-id=\"c63a5a0\" data-element_type=\"widget\" data-widget_type=\"text-editor.default\">\n\t\t\t\t\t\t\t\t\t<p>We are glad to be available for you.<br>You would like to get an offer or further information?<br>Get in contact with us now!<\/p>\t\t\t\t\t\t\t\t<\/div>\n\t\t\t\t<div class=\"elementor-element elementor-element-054f52b elementor-widget elementor-widget-heading\" data-id=\"054f52b\" data-element_type=\"widget\" data-widget_type=\"heading.default\">\n\t\t\t\t\t<h5 class=\"elementor-heading-title elementor-size-default\">CARGOTAINER GmbH\nInternationale Fachspedition\n<\/h5>\t\t\t\t<\/div>\n\t\t\t\t<div class=\"elementor-element elementor-element-4b479fc elementor-widget elementor-widget-text-editor\" data-id=\"4b479fc\" data-element_type=\"widget\" data-widget_type=\"text-editor.default\">\n\t\t\t\t\t\t\t\t\t<p><strong>Office address<\/strong><br \/>\u00d6lhafenstra\u00dfe 36<br \/>68169 Mannheim\nGermany<\/p>\t\t\t\t\t\t\t\t<\/div>\n\t\t\t\t<div class=\"elementor-element elementor-element-48dc3e6 elementor-widget elementor-widget-text-editor\" data-id=\"48dc3e6\" data-element_type=\"widget\" data-widget_type=\"text-editor.default\">\n\t\t\t\t\t\t\t\t\t<p><strong>Postal address<\/strong><br \/>\u00d6lhafenstra\u00dfe 36<br \/>68169 Mannheim\nGermany<\/p>\t\t\t\t\t\t\t\t<\/div>\n\t\t\t\t<div class=\"elementor-element elementor-element-dd8d32b elementor-widget elementor-widget-text-editor\" data-id=\"dd8d32b\" data-element_type=\"widget\" data-widget_type=\"text-editor.default\">\n\t\t\t\t\t\t\t\t\t<p><strong>Opening Hours<\/strong><\/p>\n<p>Montag bis Freitag von 08:00 bis 16:45 Uhr (ausgenommen Feiertage)<\/p>\t\t\t\t\t\t\t\t<\/div>\n\t\t\t\t<div class=\"elementor-element elementor-element-c5d1ebb elementor-widget elementor-widget-text-editor\" data-id=\"c5d1ebb\" data-element_type=\"widget\" data-widget_type=\"text-editor.default\">\n\t\t\t\t\t\t\t\t\t<p><strong>Contact<br \/><\/strong><span class=\"einrueckung\">Disposition:<\/span>+49 621 15801-30<br \/>+49 621 15801-31<br \/><a href=\"mailto:disposition@cargotainer.de\">disposition@cargotainer.de<\/a><br \/><br \/><span class=\"einrueckung\">Sales:<\/span>+49 621 15801-22<br \/><a href=\"mailto:sales@cargotainer.de\">sales@cargotainer.de<\/a><br \/><br \/><span class=\"einrueckung\">Purchasing department:<\/span>+49 621 15801-40<\/p>\t\t\t\t\t\t\t\t<\/div>\n\t\t\t\t<\/div>\n\t\t<div class=\"elementor-element elementor-element-cdfef0d e-con-full e-flex e-con e-child\" data-id=\"cdfef0d\" data-element_type=\"container\">\n\t\t\t\t<div class=\"elementor-element elementor-element-091f222 elementor-widget elementor-widget-sidebar\" data-id=\"091f222\" data-element_type=\"widget\" data-widget_type=\"sidebar.default\">\n\t\t\t\t\t\n<h2 class=\"wp-block-heading has-small-font-size\">CARGOTAINER GmbH<br>Internationale Fachspedition<\/h2>\n\n<p class=\"has-small-font-size\">\u00d6lhafenstra\u00dfe 36<br>68169 Mannheim\nGermany<br><\/p>\n\n<p class=\"has-small-font-size\">MO-FR\u00a0 08:00 bis 17:00 Uhr<\/p>\n\n<p class=\"has-small-font-size\">Phone: +49 621 15801-0<br>Fax: +49 621 15801-23<\/p>\n\n<p class=\"has-small-font-size\">E-Mail:&nbsp;<a href=\"mailto:info@cargotainer.de\">info@cargotainer.de<\/a><\/p>\n\t\t\t\t<\/div>\n\t\t\t\t<div class=\"elementor-element elementor-element-0fb9557 elementor-widget elementor-widget-image\" data-id=\"0fb9557\" data-element_type=\"widget\" data-widget_type=\"image.default\">\n\t\t\t\t\t\t\t\t\t\t\t\t\t\t\t<img fetchpriority=\"high\" decoding=\"async\" width=\"1024\" height=\"768\" src=\"https:\/\/cargotainer.de\/wp-content\/uploads\/2025\/07\/P1070893-1024x768.jpeg\" class=\"attachment-large size-large wp-image-233\" alt=\"\" srcset=\"https:\/\/cargotainer.de\/wp-content\/uploads\/2025\/07\/P1070893-1024x768.jpeg 1024w, https:\/\/cargotainer.de\/wp-content\/uploads\/2025\/07\/P1070893-300x225.jpeg 300w, https:\/\/cargotainer.de\/wp-content\/uploads\/2025\/07\/P1070893-768x576.jpeg 768w, https:\/\/cargotainer.de\/wp-content\/uploads\/2025\/07\/P1070893-1536x1152.jpeg 1536w, https:\/\/cargotainer.de\/wp-content\/uploads\/2025\/07\/P1070893-16x12.jpeg 16w, https:\/\/cargotainer.de\/wp-content\/uploads\/2025\/07\/P1070893.jpeg 1600w\" sizes=\"(max-width: 1024px) 100vw, 1024px\" \/>\t\t\t\t\t\t\t\t\t\t\t\t\t\t\t<\/div>\n\t\t\t\t<\/div>\n\t\t\t\t\t<\/div>\n\t\t\t\t<\/div>\n\t\t\t\t<\/div>","protected":false},"excerpt":{"rendered":"<p>Informationen und Anfragen Wir sind gerne f\u00fcr Sie weltweit unterwegs \u2013 und vor Ort stets erreichbar.Sie w\u00fcnschen ein unverbindliches Angebot oder weiterf\u00fchrende Details?Anruf oder E-Mail gen\u00fcgt! CARGOTAINER GmbH Internationale Fachspedition Hausadresse\u00d6lhafenstra\u00dfe 3668169 Mannheim Postadresse\u00d6lhafenstra\u00dfe 3668169 Mannheim \u00d6ffnungszeiten Montag bis Freitag von 08:00 bis 16:45 Uhr (ausgenommen Feiertage) KontaktDisposition:+49 621 15801-30+49 621 15801-31disposition@cargotainer.de Verkauf:+49 621 15801-22sales@cargotainer.de [&hellip;]<\/p>\n","protected":false},"author":1,"featured_media":0,"parent":0,"menu_order":0,"comment_status":"closed","ping_status":"closed","template":"","meta":{"_eb_attr":"","footnotes":""},"class_list":["post-230","page","type-page","status-publish","hentry"],"blocksy_meta":[],"yoast_head":"<!-- This site is optimized with the Yoast SEO plugin v27.5 - https:\/\/yoast.com\/product\/yoast-seo-wordpress\/ -->\n<title>Kontakt - Cargotainer<\/title>\n<meta name=\"robots\" content=\"index, follow, max-snippet:-1, max-image-preview:large, max-video-preview:-1\" \/>\n<link rel=\"canonical\" href=\"https:\/\/cargotainer.de\/en\/kontakt\/\" \/>\n<meta property=\"og:locale\" content=\"en_GB\" \/>\n<meta property=\"og:type\" content=\"article\" \/>\n<meta property=\"og:title\" content=\"Kontakt - Cargotainer\" \/>\n<meta property=\"og:description\" content=\"Informationen und Anfragen Wir sind gerne f\u00fcr Sie weltweit unterwegs \u2013 und vor Ort stets erreichbar.Sie w\u00fcnschen ein unverbindliches Angebot oder weiterf\u00fchrende Details?Anruf oder E-Mail gen\u00fcgt! CARGOTAINER GmbH Internationale Fachspedition Hausadresse\u00d6lhafenstra\u00dfe 3668169 Mannheim Postadresse\u00d6lhafenstra\u00dfe 3668169 Mannheim \u00d6ffnungszeiten Montag bis Freitag von 08:00 bis 16:45 Uhr (ausgenommen Feiertage) KontaktDisposition:+49 621 15801-30+49 621 15801-31disposition@cargotainer.de Verkauf:+49 621 15801-22sales@cargotainer.de [&hellip;]\" \/>\n<meta property=\"og:url\" content=\"https:\/\/cargotainer.de\/en\/kontakt\/\" \/>\n<meta property=\"og:site_name\" content=\"Cargotainer\" \/>\n<meta property=\"article:modified_time\" content=\"2026-01-25T09:37:13+00:00\" \/>\n<meta property=\"og:image\" content=\"https:\/\/cargotainer.de\/wp-content\/uploads\/2025\/07\/P1070893.jpeg\" \/>\n\t<meta property=\"og:image:width\" content=\"1600\" \/>\n\t<meta property=\"og:image:height\" content=\"1200\" \/>\n\t<meta property=\"og:image:type\" content=\"image\/jpeg\" \/>\n<meta name=\"twitter:card\" content=\"summary_large_image\" \/>\n<meta name=\"twitter:label1\" content=\"Estimated reading time\" \/>\n\t<meta name=\"twitter:data1\" content=\"1 minute\" \/>\n<script type=\"application\/ld+json\" class=\"yoast-schema-graph\">{\"@context\":\"https:\\\/\\\/schema.org\",\"@graph\":[{\"@type\":\"WebPage\",\"@id\":\"https:\\\/\\\/cargotainer.de\\\/kontakt\\\/\",\"url\":\"https:\\\/\\\/cargotainer.de\\\/kontakt\\\/\",\"name\":\"Kontakt - Cargotainer\",\"isPartOf\":{\"@id\":\"https:\\\/\\\/cargotainer.de\\\/#website\"},\"primaryImageOfPage\":{\"@id\":\"https:\\\/\\\/cargotainer.de\\\/kontakt\\\/#primaryimage\"},\"image\":{\"@id\":\"https:\\\/\\\/cargotainer.de\\\/kontakt\\\/#primaryimage\"},\"thumbnailUrl\":\"https:\\\/\\\/cargotainer.de\\\/wp-content\\\/uploads\\\/2025\\\/07\\\/P1070893-1024x768.jpeg\",\"datePublished\":\"2025-07-21T07:40:50+00:00\",\"dateModified\":\"2026-01-25T09:37:13+00:00\",\"inLanguage\":\"en-GB\",\"potentialAction\":[{\"@type\":\"ReadAction\",\"target\":[\"https:\\\/\\\/cargotainer.de\\\/kontakt\\\/\"]}]},{\"@type\":\"ImageObject\",\"inLanguage\":\"en-GB\",\"@id\":\"https:\\\/\\\/cargotainer.de\\\/kontakt\\\/#primaryimage\",\"url\":\"https:\\\/\\\/cargotainer.de\\\/wp-content\\\/uploads\\\/2025\\\/07\\\/P1070893-1024x768.jpeg\",\"contentUrl\":\"https:\\\/\\\/cargotainer.de\\\/wp-content\\\/uploads\\\/2025\\\/07\\\/P1070893-1024x768.jpeg\"},{\"@type\":\"WebSite\",\"@id\":\"https:\\\/\\\/cargotainer.de\\\/#website\",\"url\":\"https:\\\/\\\/cargotainer.de\\\/\",\"name\":\"Cargotainer\",\"description\":\"\",\"publisher\":{\"@id\":\"https:\\\/\\\/cargotainer.de\\\/#organization\"},\"potentialAction\":[{\"@type\":\"SearchAction\",\"target\":{\"@type\":\"EntryPoint\",\"urlTemplate\":\"https:\\\/\\\/cargotainer.de\\\/?s={search_term_string}\"},\"query-input\":{\"@type\":\"PropertyValueSpecification\",\"valueRequired\":true,\"valueName\":\"search_term_string\"}}],\"inLanguage\":\"en-GB\"},{\"@type\":\"Organization\",\"@id\":\"https:\\\/\\\/cargotainer.de\\\/#organization\",\"name\":\"Cargotainer\",\"url\":\"https:\\\/\\\/cargotainer.de\\\/\",\"logo\":{\"@type\":\"ImageObject\",\"inLanguage\":\"en-GB\",\"@id\":\"https:\\\/\\\/cargotainer.de\\\/#\\\/schema\\\/logo\\\/image\\\/\",\"url\":\"https:\\\/\\\/cargotainer.de\\\/wp-content\\\/uploads\\\/2025\\\/07\\\/logo.jpg\",\"contentUrl\":\"https:\\\/\\\/cargotainer.de\\\/wp-content\\\/uploads\\\/2025\\\/07\\\/logo.jpg\",\"width\":316,\"height\":60,\"caption\":\"Cargotainer\"},\"image\":{\"@id\":\"https:\\\/\\\/cargotainer.de\\\/#\\\/schema\\\/logo\\\/image\\\/\"}}]}<\/script>\n<!-- \/ Yoast SEO plugin. -->","yoast_head_json":{"title":"Kontakt - Cargotainer","robots":{"index":"index","follow":"follow","max-snippet":"max-snippet:-1","max-image-preview":"max-image-preview:large","max-video-preview":"max-video-preview:-1"},"canonical":"https:\/\/cargotainer.de\/en\/kontakt\/","og_locale":"en_GB","og_type":"article","og_title":"Kontakt - Cargotainer","og_description":"Informationen und Anfragen Wir sind gerne f\u00fcr Sie weltweit unterwegs \u2013 und vor Ort stets erreichbar.Sie w\u00fcnschen ein unverbindliches Angebot oder weiterf\u00fchrende Details?Anruf oder E-Mail gen\u00fcgt! CARGOTAINER GmbH Internationale Fachspedition Hausadresse\u00d6lhafenstra\u00dfe 3668169 Mannheim Postadresse\u00d6lhafenstra\u00dfe 3668169 Mannheim \u00d6ffnungszeiten Montag bis Freitag von 08:00 bis 16:45 Uhr (ausgenommen Feiertage) KontaktDisposition:+49 621 15801-30+49 621 15801-31disposition@cargotainer.de Verkauf:+49 621 15801-22sales@cargotainer.de [&hellip;]","og_url":"https:\/\/cargotainer.de\/en\/kontakt\/","og_site_name":"Cargotainer","article_modified_time":"2026-01-25T09:37:13+00:00","og_image":[{"width":1600,"height":1200,"url":"https:\/\/cargotainer.de\/wp-content\/uploads\/2025\/07\/P1070893.jpeg","type":"image\/jpeg"}],"twitter_card":"summary_large_image","twitter_misc":{"Estimated reading time":"1 minute"},"schema":{"@context":"https:\/\/schema.org","@graph":[{"@type":"WebPage","@id":"https:\/\/cargotainer.de\/kontakt\/","url":"https:\/\/cargotainer.de\/kontakt\/","name":"Kontakt - Cargotainer","isPartOf":{"@id":"https:\/\/cargotainer.de\/#website"},"primaryImageOfPage":{"@id":"https:\/\/cargotainer.de\/kontakt\/#primaryimage"},"image":{"@id":"https:\/\/cargotainer.de\/kontakt\/#primaryimage"},"thumbnailUrl":"https:\/\/cargotainer.de\/wp-content\/uploads\/2025\/07\/P1070893-1024x768.jpeg","datePublished":"2025-07-21T07:40:50+00:00","dateModified":"2026-01-25T09:37:13+00:00","inLanguage":"en-GB","potentialAction":[{"@type":"ReadAction","target":["https:\/\/cargotainer.de\/kontakt\/"]}]},{"@type":"ImageObject","inLanguage":"en-GB","@id":"https:\/\/cargotainer.de\/kontakt\/#primaryimage","url":"https:\/\/cargotainer.de\/wp-content\/uploads\/2025\/07\/P1070893-1024x768.jpeg","contentUrl":"https:\/\/cargotainer.de\/wp-content\/uploads\/2025\/07\/P1070893-1024x768.jpeg"},{"@type":"WebSite","@id":"https:\/\/cargotainer.de\/#website","url":"https:\/\/cargotainer.de\/","name":"Cargotainer","description":"","publisher":{"@id":"https:\/\/cargotainer.de\/#organization"},"potentialAction":[{"@type":"SearchAction","target":{"@type":"EntryPoint","urlTemplate":"https:\/\/cargotainer.de\/?s={search_term_string}"},"query-input":{"@type":"PropertyValueSpecification","valueRequired":true,"valueName":"search_term_string"}}],"inLanguage":"en-GB"},{"@type":"Organization","@id":"https:\/\/cargotainer.de\/#organization","name":"Cargotainer","url":"https:\/\/cargotainer.de\/","logo":{"@type":"ImageObject","inLanguage":"en-GB","@id":"https:\/\/cargotainer.de\/#\/schema\/logo\/image\/","url":"https:\/\/cargotainer.de\/wp-content\/uploads\/2025\/07\/logo.jpg","contentUrl":"https:\/\/cargotainer.de\/wp-content\/uploads\/2025\/07\/logo.jpg","width":316,"height":60,"caption":"Cargotainer"},"image":{"@id":"https:\/\/cargotainer.de\/#\/schema\/logo\/image\/"}}]}},"_links":{"self":[{"href":"http:\/\/cargotainer.de\/en\/wp-json\/wp\/v2\/pages\/230","targetHints":{"allow":["GET"]}}],"collection":[{"href":"http:\/\/cargotainer.de\/en\/wp-json\/wp\/v2\/pages"}],"about":[{"href":"http:\/\/cargotainer.de\/en\/wp-json\/wp\/v2\/types\/page"}],"author":[{"embeddable":true,"href":"http:\/\/cargotainer.de\/en\/wp-json\/wp\/v2\/users\/1"}],"replies":[{"embeddable":true,"href":"http:\/\/cargotainer.de\/en\/wp-json\/wp\/v2\/comments?post=230"}],"version-history":[{"count":4,"href":"http:\/\/cargotainer.de\/en\/wp-json\/wp\/v2\/pages\/230\/revisions"}],"predecessor-version":[{"id":429,"href":"http:\/\/cargotainer.de\/en\/wp-json\/wp\/v2\/pages\/230\/revisions\/429"}],"wp:attachment":[{"href":"http:\/\/cargotainer.de\/en\/wp-json\/wp\/v2\/media?parent=230"}],"curies":[{"name":"wp","href":"https:\/\/api.w.org\/{rel}","templated":true}]}}