{"id":152,"date":"2025-07-21T07:48:20","date_gmt":"2025-07-21T05:48:20","guid":{"rendered":"http:\/\/6510151399522.hostingkunde.de\/?page_id=152"},"modified":"2025-09-08T16:21:46","modified_gmt":"2025-09-08T14:21:46","slug":"silocontainer","status":"publish","type":"page","link":"http:\/\/cargotainer.de\/en\/transporte\/silocontainer\/","title":{"rendered":"Silo Containers"},"content":{"rendered":"<div data-elementor-type=\"wp-page\" data-elementor-id=\"152\" class=\"elementor elementor-152\">\n\t\t\t\t<div class=\"elementor-element elementor-element-8e43375 e-flex e-con-boxed e-con e-parent\" data-id=\"8e43375\" data-element_type=\"container\">\n\t\t\t\t\t<div class=\"e-con-inner\">\n\t\t<div class=\"elementor-element elementor-element-c852752 e-con-full e-flex e-con e-child\" data-id=\"c852752\" data-element_type=\"container\">\n\t\t\t\t<\/div>\n\t\t\t\t\t<\/div>\n\t\t\t\t<\/div>\n\t\t<div class=\"elementor-element elementor-element-1d8de69 e-flex e-con-boxed e-con e-parent\" data-id=\"1d8de69\" data-element_type=\"container\">\n\t\t\t\t\t<div class=\"e-con-inner\">\n\t\t<div class=\"elementor-element elementor-element-7756cd5 e-con-full e-flex e-con e-child\" data-id=\"7756cd5\" data-element_type=\"container\">\n\t\t\t\t<\/div>\n\t\t\t\t\t<\/div>\n\t\t\t\t<\/div>\n\t\t<div class=\"elementor-element elementor-element-b8b61de e-flex e-con-boxed e-con e-parent\" data-id=\"b8b61de\" data-element_type=\"container\">\n\t\t\t\t\t<div class=\"e-con-inner\">\n\t\t<div class=\"elementor-element elementor-element-6070670 e-con-full e-flex e-con e-child\" data-id=\"6070670\" data-element_type=\"container\">\n\t\t\t\t<div class=\"elementor-element elementor-element-7fccf9d elementor-widget elementor-widget-heading\" data-id=\"7fccf9d\" data-element_type=\"widget\" data-widget_type=\"heading.default\">\n\t\t\t\t\t<h4 class=\"elementor-heading-title elementor-size-default\">Well equipped: from harmless to hazardous\n<\/h4>\t\t\t\t<\/div>\n\t\t\t\t<div class=\"elementor-element elementor-element-d4dea6e elementor-widget elementor-widget-text-editor\" data-id=\"d4dea6e\" data-element_type=\"widget\" data-widget_type=\"text-editor.default\">\n\t\t\t\t\t\t\t\t\t<p>Whether for sensitive foodstuffs or hazardous chemicals, we are equipped with the right silo containers for the challenging transportation of pulverised or grained cargo.<\/p>\t\t\t\t\t\t\t\t<\/div>\n\t\t\t\t<div class=\"elementor-element elementor-element-15b5e33 elementor-widget elementor-widget-heading\" data-id=\"15b5e33\" data-element_type=\"widget\" data-widget_type=\"heading.default\">\n\t\t\t\t\t<h4 class=\"elementor-heading-title elementor-size-default\">Harmless bulk cargo<\/h4>\t\t\t\t<\/div>\n\t\t\t\t<div class=\"elementor-element elementor-element-97192fd elementor-widget elementor-widget-text-editor\" data-id=\"97192fd\" data-element_type=\"widget\" data-widget_type=\"text-editor.default\">\n\t\t\t\t\t\t\t\t\t<p>For choosing the right silo container for the transport of harmless good, it is important to know the specific bulk density.<\/p><ul><li>30' silo containers with a higher volume can be used for harmless goods with a light bulk density.<\/li><li>Special 20' silo containers for goods with a heavy bulk density, for example, concrete.<\/li><li>30' silo containers for harmless goods 41.000 litres up to 51.000 litres volume.<\/li><\/ul>\t\t\t\t\t\t\t\t<\/div>\n\t\t\t\t<div class=\"elementor-element elementor-element-0944d5c elementor-widget elementor-widget-heading\" data-id=\"0944d5c\" data-element_type=\"widget\" data-widget_type=\"heading.default\">\n\t\t\t\t\t<h4 class=\"elementor-heading-title elementor-size-default\">Hazardous cargo\n<\/h4>\t\t\t\t<\/div>\n\t\t\t\t<div class=\"elementor-element elementor-element-b2d015f elementor-widget elementor-widget-text-editor\" data-id=\"b2d015f\" data-element_type=\"widget\" data-widget_type=\"text-editor.default\">\n\t\t\t\t\t\t\t\t\t<p>With our long and vast experience, we have developed the know-how for the transportation of hazardous goods and equip or modify our silo containers according to the requirements of the transported cargo.<br \/>We are, therefore, very flexible in responding to our customer's demands.<\/p><ul><li>20' silo containers with RID\/ADR\/IMDG approval 23.000 up to 25.000 litres volume<\/li><li>20' ISO silo containers for overseas shipments\/transport<\/li><li>30' silo containers out of stainless steel for hazardous cargo 39.000 litres volume<\/li><\/ul>\t\t\t\t\t\t\t\t<\/div>\n\t\t<div class=\"elementor-element elementor-element-90e0bcc e-con-full e-flex e-con e-child\" data-id=\"90e0bcc\" data-element_type=\"container\" data-settings=\"{&quot;background_background&quot;:&quot;classic&quot;}\">\n\t\t\t\t<div class=\"elementor-element elementor-element-440e760 elementor-widget elementor-widget-heading\" data-id=\"440e760\" data-element_type=\"widget\" data-widget_type=\"heading.default\">\n\t\t\t\t\t<h4 class=\"elementor-heading-title elementor-size-default\">Transport of hazardous goods? We have the know-how!<\/h4>\t\t\t\t<\/div>\n\t\t\t\t<div class=\"elementor-element elementor-element-85790b6 elementor-widget elementor-widget-heading\" data-id=\"85790b6\" data-element_type=\"widget\" data-widget_type=\"heading.default\">\n\t\t\t\t\t<h5 class=\"elementor-heading-title elementor-size-default\">\nYou will definitely benefit from our specialization.<\/h5>\t\t\t\t<\/div>\n\t\t\t\t<\/div>\n\t\t\t\t<\/div>\n\t\t<div class=\"elementor-element elementor-element-b1ae6cd e-con-full e-flex e-con e-child\" data-id=\"b1ae6cd\" data-element_type=\"container\">\n\t\t\t\t<div class=\"elementor-element elementor-element-90e9ff8 elementor-widget elementor-widget-sidebar\" data-id=\"90e9ff8\" data-element_type=\"widget\" data-widget_type=\"sidebar.default\">\n\t\t\t\t\t\n<h2 class=\"wp-block-heading has-small-font-size\">CARGOTAINER GmbH<br>Internationale Fachspedition<\/h2>\n\n<p class=\"has-small-font-size\">\u00d6lhafenstra\u00dfe 36<br>68169 Mannheim\nGermany<br><\/p>\n\n<p class=\"has-small-font-size\">MO-FR\u00a0 08:00 bis 17:00 Uhr<\/p>\n\n<p class=\"has-small-font-size\">Phone: +49 621 15801-0<br>Fax: +49 621 15801-23<\/p>\n\n<p class=\"has-small-font-size\">E-Mail:&nbsp;<a href=\"mailto:info@cargotainer.de\">info@cargotainer.de<\/a><\/p>\n\t\t\t\t<\/div>\n\t\t\t\t<div class=\"elementor-element elementor-element-09b1f74 elementor-widget elementor-widget-image\" data-id=\"09b1f74\" data-element_type=\"widget\" data-widget_type=\"image.default\">\n\t\t\t\t\t\t\t\t\t\t\t\t\t\t\t<img decoding=\"async\" width=\"235\" height=\"176\" src=\"https:\/\/cargotainer.de\/wp-content\/uploads\/2025\/07\/Silocontainer-klein.jpg\" class=\"attachment-large size-large wp-image-182\" alt=\"\" srcset=\"https:\/\/cargotainer.de\/wp-content\/uploads\/2025\/07\/Silocontainer-klein.jpg 235w, https:\/\/cargotainer.de\/wp-content\/uploads\/2025\/07\/Silocontainer-klein-16x12.jpg 16w\" sizes=\"(max-width: 235px) 100vw, 235px\" \/>\t\t\t\t\t\t\t\t\t\t\t\t\t\t\t<\/div>\n\t\t\t\t<div class=\"elementor-element elementor-element-7bcda6e elementor-position-inline-start elementor-mobile-position-inline-start elementor-view-default elementor-widget elementor-widget-icon-box\" data-id=\"7bcda6e\" data-element_type=\"widget\" data-widget_type=\"icon-box.default\">\n\t\t\t\t\t\t\t<div class=\"elementor-icon-box-wrapper\">\n\n\t\t\t\t\t\t<div class=\"elementor-icon-box-icon\">\n\t\t\t\t<a href=\"http:\/\/www.cargotainer.de\/images\/PDF\/ADSp_2003.pdf\" target=\"_blank\" rel=\"nofollow\" class=\"elementor-icon\" tabindex=\"-1\" aria-label=\"Terms and conditions\">\n\t\t\t\t<svg aria-hidden=\"true\" class=\"e-font-icon-svg e-fas-file-pdf\" viewbox=\"0 0 384 512\" xmlns=\"http:\/\/www.w3.org\/2000\/svg\"><path d=\"M181.9 256.1c-5-16-4.9-46.9-2-46.9 8.4 0 7.6 36.9 2 46.9zm-1.7 47.2c-7.7 20.2-17.3 43.3-28.4 62.7 18.3-7 39-17.2 62.9-21.9-12.7-9.6-24.9-23.4-34.5-40.8zM86.1 428.1c0 .8 13.2-5.4 34.9-40.2-6.7 6.3-29.1 24.5-34.9 40.2zM248 160h136v328c0 13.3-10.7 24-24 24H24c-13.3 0-24-10.7-24-24V24C0 10.7 10.7 0 24 0h200v136c0 13.2 10.8 24 24 24zm-8 171.8c-20-12.2-33.3-29-42.7-53.8 4.5-18.5 11.6-46.6 6.2-64.2-4.7-29.4-42.4-26.5-47.8-6.8-5 18.3-.4 44.1 8.1 77-11.6 27.6-28.7 64.6-40.8 85.8-.1 0-.1.1-.2.1-27.1 13.9-73.6 44.5-54.5 68 5.6 6.9 16 10 21.5 10 17.9 0 35.7-18 61.1-61.8 25.8-8.5 54.1-19.1 79-23.2 21.7 11.8 47.1 19.5 64 19.5 29.2 0 31.2-32 19.7-43.4-13.9-13.6-54.3-9.7-73.6-7.2zM377 105L279 7c-4.5-4.5-10.6-7-17-7h-6v128h128v-6.1c0-6.3-2.5-12.4-7-16.9zm-74.1 255.3c4.1-2.7-2.5-11.9-42.8-9 37.1 15.8 42.8 9 42.8 9z\"><\/path><\/svg>\t\t\t\t<\/a>\n\t\t\t<\/div>\n\t\t\t\n\t\t\t\t\t\t<div class=\"elementor-icon-box-content\">\n\n\t\t\t\t\t\t\t\t\t<h5 class=\"elementor-icon-box-title\">\n\t\t\t\t\t\t<a href=\"http:\/\/www.cargotainer.de\/images\/PDF\/ADSp_2003.pdf\" target=\"_blank\" rel=\"nofollow\" >\n\t\t\t\t\t\t\tTerms and conditions\t\t\t\t\t\t<\/a>\n\t\t\t\t\t<\/h5>\n\t\t\t\t\n\t\t\t\t\n\t\t\t<\/div>\n\t\t\t\n\t\t<\/div>\n\t\t\t\t\t\t<\/div>\n\t\t\t\t<\/div>\n\t\t\t\t\t<\/div>\n\t\t\t\t<\/div>\n\t\t\t\t<\/div>","protected":false},"excerpt":{"rendered":"<p>Gut ger\u00fcstet: von empfindlich bis gef\u00e4hrlich Wenn besondere Vorsicht geboten ist: Wir sind gewappnet. Ob es sich nun um empfindliche Lebensmittel oder gef\u00e4hrliche Chemikalien handelt, mit unserer Flotte an Silocontainern erledigen wir auch anspruchsvolle Transportaufgaben von pulverisierten oder granulierten Ladeg\u00fctern zuverl\u00e4ssig und termingerecht. Harmlose Sch\u00fcttg\u00fcter: Auswahl ist Typsache Entscheidend f\u00fcr den Einsatz eines Silocontainers zum [&hellip;]<\/p>\n","protected":false},"author":1,"featured_media":0,"parent":119,"menu_order":0,"comment_status":"closed","ping_status":"closed","template":"","meta":{"_eb_attr":"","footnotes":""},"class_list":["post-152","page","type-page","status-publish","hentry"],"blocksy_meta":[],"yoast_head":"<!-- This site is optimized with the Yoast SEO plugin v27.5 - https:\/\/yoast.com\/product\/yoast-seo-wordpress\/ -->\n<title>Silocontainer - Cargotainer<\/title>\n<meta name=\"robots\" content=\"index, follow, max-snippet:-1, max-image-preview:large, max-video-preview:-1\" \/>\n<link rel=\"canonical\" href=\"https:\/\/cargotainer.de\/en\/transporte\/silocontainer\/\" \/>\n<meta property=\"og:locale\" content=\"en_GB\" \/>\n<meta property=\"og:type\" content=\"article\" \/>\n<meta property=\"og:title\" content=\"Silocontainer - Cargotainer\" \/>\n<meta property=\"og:description\" content=\"Gut ger\u00fcstet: von empfindlich bis gef\u00e4hrlich Wenn besondere Vorsicht geboten ist: Wir sind gewappnet. Ob es sich nun um empfindliche Lebensmittel oder gef\u00e4hrliche Chemikalien handelt, mit unserer Flotte an Silocontainern erledigen wir auch anspruchsvolle Transportaufgaben von pulverisierten oder granulierten Ladeg\u00fctern zuverl\u00e4ssig und termingerecht. Harmlose Sch\u00fcttg\u00fcter: Auswahl ist Typsache Entscheidend f\u00fcr den Einsatz eines Silocontainers zum [&hellip;]\" \/>\n<meta property=\"og:url\" content=\"https:\/\/cargotainer.de\/en\/transporte\/silocontainer\/\" \/>\n<meta property=\"og:site_name\" content=\"Cargotainer\" \/>\n<meta property=\"article:modified_time\" content=\"2025-09-08T14:21:46+00:00\" \/>\n<meta property=\"og:image\" content=\"https:\/\/cargotainer.de\/wp-content\/uploads\/2025\/07\/Silocontainer-klein.jpg\" \/>\n\t<meta property=\"og:image:width\" content=\"235\" \/>\n\t<meta property=\"og:image:height\" content=\"176\" \/>\n\t<meta property=\"og:image:type\" content=\"image\/jpeg\" \/>\n<meta name=\"twitter:card\" content=\"summary_large_image\" \/>\n<meta name=\"twitter:label1\" content=\"Estimated reading time\" \/>\n\t<meta name=\"twitter:data1\" content=\"1 minute\" \/>\n<script type=\"application\/ld+json\" class=\"yoast-schema-graph\">{\"@context\":\"https:\\\/\\\/schema.org\",\"@graph\":[{\"@type\":\"WebPage\",\"@id\":\"https:\\\/\\\/cargotainer.de\\\/transporte\\\/silocontainer\\\/\",\"url\":\"https:\\\/\\\/cargotainer.de\\\/transporte\\\/silocontainer\\\/\",\"name\":\"Silocontainer - Cargotainer\",\"isPartOf\":{\"@id\":\"https:\\\/\\\/cargotainer.de\\\/#website\"},\"primaryImageOfPage\":{\"@id\":\"https:\\\/\\\/cargotainer.de\\\/transporte\\\/silocontainer\\\/#primaryimage\"},\"image\":{\"@id\":\"https:\\\/\\\/cargotainer.de\\\/transporte\\\/silocontainer\\\/#primaryimage\"},\"thumbnailUrl\":\"https:\\\/\\\/cargotainer.de\\\/wp-content\\\/uploads\\\/2025\\\/07\\\/Silocontainer-klein.jpg\",\"datePublished\":\"2025-07-21T05:48:20+00:00\",\"dateModified\":\"2025-09-08T14:21:46+00:00\",\"breadcrumb\":{\"@id\":\"https:\\\/\\\/cargotainer.de\\\/transporte\\\/silocontainer\\\/#breadcrumb\"},\"inLanguage\":\"en-GB\",\"potentialAction\":[{\"@type\":\"ReadAction\",\"target\":[\"https:\\\/\\\/cargotainer.de\\\/transporte\\\/silocontainer\\\/\"]}]},{\"@type\":\"ImageObject\",\"inLanguage\":\"en-GB\",\"@id\":\"https:\\\/\\\/cargotainer.de\\\/transporte\\\/silocontainer\\\/#primaryimage\",\"url\":\"https:\\\/\\\/cargotainer.de\\\/wp-content\\\/uploads\\\/2025\\\/07\\\/Silocontainer-klein.jpg\",\"contentUrl\":\"https:\\\/\\\/cargotainer.de\\\/wp-content\\\/uploads\\\/2025\\\/07\\\/Silocontainer-klein.jpg\"},{\"@type\":\"BreadcrumbList\",\"@id\":\"https:\\\/\\\/cargotainer.de\\\/transporte\\\/silocontainer\\\/#breadcrumb\",\"itemListElement\":[{\"@type\":\"ListItem\",\"position\":1,\"name\":\"Transporte\",\"item\":\"https:\\\/\\\/cargotainer.de\\\/transporte\\\/\"},{\"@type\":\"ListItem\",\"position\":2,\"name\":\"Silocontainer\"}]},{\"@type\":\"WebSite\",\"@id\":\"https:\\\/\\\/cargotainer.de\\\/#website\",\"url\":\"https:\\\/\\\/cargotainer.de\\\/\",\"name\":\"Cargotainer\",\"description\":\"\",\"publisher\":{\"@id\":\"https:\\\/\\\/cargotainer.de\\\/#organization\"},\"potentialAction\":[{\"@type\":\"SearchAction\",\"target\":{\"@type\":\"EntryPoint\",\"urlTemplate\":\"https:\\\/\\\/cargotainer.de\\\/?s={search_term_string}\"},\"query-input\":{\"@type\":\"PropertyValueSpecification\",\"valueRequired\":true,\"valueName\":\"search_term_string\"}}],\"inLanguage\":\"en-GB\"},{\"@type\":\"Organization\",\"@id\":\"https:\\\/\\\/cargotainer.de\\\/#organization\",\"name\":\"Cargotainer\",\"url\":\"https:\\\/\\\/cargotainer.de\\\/\",\"logo\":{\"@type\":\"ImageObject\",\"inLanguage\":\"en-GB\",\"@id\":\"https:\\\/\\\/cargotainer.de\\\/#\\\/schema\\\/logo\\\/image\\\/\",\"url\":\"https:\\\/\\\/cargotainer.de\\\/wp-content\\\/uploads\\\/2025\\\/07\\\/logo.jpg\",\"contentUrl\":\"https:\\\/\\\/cargotainer.de\\\/wp-content\\\/uploads\\\/2025\\\/07\\\/logo.jpg\",\"width\":316,\"height\":60,\"caption\":\"Cargotainer\"},\"image\":{\"@id\":\"https:\\\/\\\/cargotainer.de\\\/#\\\/schema\\\/logo\\\/image\\\/\"}}]}<\/script>\n<!-- \/ Yoast SEO plugin. -->","yoast_head_json":{"title":"Silocontainer - Cargotainer","robots":{"index":"index","follow":"follow","max-snippet":"max-snippet:-1","max-image-preview":"max-image-preview:large","max-video-preview":"max-video-preview:-1"},"canonical":"https:\/\/cargotainer.de\/en\/transporte\/silocontainer\/","og_locale":"en_GB","og_type":"article","og_title":"Silocontainer - Cargotainer","og_description":"Gut ger\u00fcstet: von empfindlich bis gef\u00e4hrlich Wenn besondere Vorsicht geboten ist: Wir sind gewappnet. Ob es sich nun um empfindliche Lebensmittel oder gef\u00e4hrliche Chemikalien handelt, mit unserer Flotte an Silocontainern erledigen wir auch anspruchsvolle Transportaufgaben von pulverisierten oder granulierten Ladeg\u00fctern zuverl\u00e4ssig und termingerecht. Harmlose Sch\u00fcttg\u00fcter: Auswahl ist Typsache Entscheidend f\u00fcr den Einsatz eines Silocontainers zum [&hellip;]","og_url":"https:\/\/cargotainer.de\/en\/transporte\/silocontainer\/","og_site_name":"Cargotainer","article_modified_time":"2025-09-08T14:21:46+00:00","og_image":[{"width":235,"height":176,"url":"https:\/\/cargotainer.de\/wp-content\/uploads\/2025\/07\/Silocontainer-klein.jpg","type":"image\/jpeg"}],"twitter_card":"summary_large_image","twitter_misc":{"Estimated reading time":"1 minute"},"schema":{"@context":"https:\/\/schema.org","@graph":[{"@type":"WebPage","@id":"https:\/\/cargotainer.de\/transporte\/silocontainer\/","url":"https:\/\/cargotainer.de\/transporte\/silocontainer\/","name":"Silocontainer - Cargotainer","isPartOf":{"@id":"https:\/\/cargotainer.de\/#website"},"primaryImageOfPage":{"@id":"https:\/\/cargotainer.de\/transporte\/silocontainer\/#primaryimage"},"image":{"@id":"https:\/\/cargotainer.de\/transporte\/silocontainer\/#primaryimage"},"thumbnailUrl":"https:\/\/cargotainer.de\/wp-content\/uploads\/2025\/07\/Silocontainer-klein.jpg","datePublished":"2025-07-21T05:48:20+00:00","dateModified":"2025-09-08T14:21:46+00:00","breadcrumb":{"@id":"https:\/\/cargotainer.de\/transporte\/silocontainer\/#breadcrumb"},"inLanguage":"en-GB","potentialAction":[{"@type":"ReadAction","target":["https:\/\/cargotainer.de\/transporte\/silocontainer\/"]}]},{"@type":"ImageObject","inLanguage":"en-GB","@id":"https:\/\/cargotainer.de\/transporte\/silocontainer\/#primaryimage","url":"https:\/\/cargotainer.de\/wp-content\/uploads\/2025\/07\/Silocontainer-klein.jpg","contentUrl":"https:\/\/cargotainer.de\/wp-content\/uploads\/2025\/07\/Silocontainer-klein.jpg"},{"@type":"BreadcrumbList","@id":"https:\/\/cargotainer.de\/transporte\/silocontainer\/#breadcrumb","itemListElement":[{"@type":"ListItem","position":1,"name":"Transporte","item":"https:\/\/cargotainer.de\/transporte\/"},{"@type":"ListItem","position":2,"name":"Silocontainer"}]},{"@type":"WebSite","@id":"https:\/\/cargotainer.de\/#website","url":"https:\/\/cargotainer.de\/","name":"Cargotainer","description":"","publisher":{"@id":"https:\/\/cargotainer.de\/#organization"},"potentialAction":[{"@type":"SearchAction","target":{"@type":"EntryPoint","urlTemplate":"https:\/\/cargotainer.de\/?s={search_term_string}"},"query-input":{"@type":"PropertyValueSpecification","valueRequired":true,"valueName":"search_term_string"}}],"inLanguage":"en-GB"},{"@type":"Organization","@id":"https:\/\/cargotainer.de\/#organization","name":"Cargotainer","url":"https:\/\/cargotainer.de\/","logo":{"@type":"ImageObject","inLanguage":"en-GB","@id":"https:\/\/cargotainer.de\/#\/schema\/logo\/image\/","url":"https:\/\/cargotainer.de\/wp-content\/uploads\/2025\/07\/logo.jpg","contentUrl":"https:\/\/cargotainer.de\/wp-content\/uploads\/2025\/07\/logo.jpg","width":316,"height":60,"caption":"Cargotainer"},"image":{"@id":"https:\/\/cargotainer.de\/#\/schema\/logo\/image\/"}}]}},"_links":{"self":[{"href":"http:\/\/cargotainer.de\/en\/wp-json\/wp\/v2\/pages\/152","targetHints":{"allow":["GET"]}}],"collection":[{"href":"http:\/\/cargotainer.de\/en\/wp-json\/wp\/v2\/pages"}],"about":[{"href":"http:\/\/cargotainer.de\/en\/wp-json\/wp\/v2\/types\/page"}],"author":[{"embeddable":true,"href":"http:\/\/cargotainer.de\/en\/wp-json\/wp\/v2\/users\/1"}],"replies":[{"embeddable":true,"href":"http:\/\/cargotainer.de\/en\/wp-json\/wp\/v2\/comments?post=152"}],"version-history":[{"count":3,"href":"http:\/\/cargotainer.de\/en\/wp-json\/wp\/v2\/pages\/152\/revisions"}],"predecessor-version":[{"id":410,"href":"http:\/\/cargotainer.de\/en\/wp-json\/wp\/v2\/pages\/152\/revisions\/410"}],"up":[{"embeddable":true,"href":"http:\/\/cargotainer.de\/en\/wp-json\/wp\/v2\/pages\/119"}],"wp:attachment":[{"href":"http:\/\/cargotainer.de\/en\/wp-json\/wp\/v2\/media?parent=152"}],"curies":[{"name":"wp","href":"https:\/\/api.w.org\/{rel}","templated":true}]}}