{"id":137,"date":"2025-07-17T13:43:39","date_gmt":"2025-07-17T11:43:39","guid":{"rendered":"http:\/\/6510151399522.hostingkunde.de\/?page_id=137"},"modified":"2025-07-21T11:08:59","modified_gmt":"2025-07-21T09:08:59","slug":"tankcontainer","status":"publish","type":"page","link":"http:\/\/cargotainer.de\/en\/transporte\/tankcontainer\/","title":{"rendered":"Tank containers:"},"content":{"rendered":"<div data-elementor-type=\"wp-page\" data-elementor-id=\"137\" class=\"elementor elementor-137\">\n\t\t\t\t<div class=\"elementor-element elementor-element-51d28bc e-flex e-con-boxed e-con e-parent\" data-id=\"51d28bc\" data-element_type=\"container\">\n\t\t\t\t\t<div class=\"e-con-inner\">\n\t\t<div class=\"elementor-element elementor-element-d364335 e-con-full e-flex e-con e-child\" data-id=\"d364335\" data-element_type=\"container\">\n\t\t\t\t<\/div>\n\t\t\t\t\t<\/div>\n\t\t\t\t<\/div>\n\t\t<div class=\"elementor-element elementor-element-fbbea89 e-flex e-con-boxed e-con e-parent\" data-id=\"fbbea89\" data-element_type=\"container\">\n\t\t\t\t\t<div class=\"e-con-inner\">\n\t\t<div class=\"elementor-element elementor-element-d64a9f3 e-con-full e-flex e-con e-child\" data-id=\"d64a9f3\" data-element_type=\"container\">\n\t\t\t\t<\/div>\n\t\t\t\t\t<\/div>\n\t\t\t\t<\/div>\n\t\t<div class=\"elementor-element elementor-element-dd7a661 e-flex e-con-boxed e-con e-parent\" data-id=\"dd7a661\" data-element_type=\"container\">\n\t\t\t\t\t<div class=\"e-con-inner\">\n\t\t<div class=\"elementor-element elementor-element-d825d1a e-con-full e-flex e-con e-child\" data-id=\"d825d1a\" data-element_type=\"container\">\n\t\t\t\t<div class=\"elementor-element elementor-element-81864f1 elementor-widget elementor-widget-heading\" data-id=\"81864f1\" data-element_type=\"widget\" data-widget_type=\"heading.default\">\n\t\t\t\t\t<h2 class=\"elementor-heading-title elementor-size-default\">Liquids<\/h2>\t\t\t\t<\/div>\n\t\t\t\t<div class=\"elementor-element elementor-element-dc46c19 elementor-widget elementor-widget-text-editor\" data-id=\"dc46c19\" data-element_type=\"widget\" data-widget_type=\"text-editor.default\">\n\t\t\t\t\t\t\t\t\t<div id=\"content\"><div class=\"item-page\"><p>Our container fleet consists of several different types of tank containers that can be despatched worldwide for you.<\/p><\/div><\/div>\t\t\t\t\t\t\t\t<\/div>\n\t\t<div class=\"elementor-element elementor-element-0a6e652 e-con-full e-flex e-con e-child\" data-id=\"0a6e652\" data-element_type=\"container\" data-settings=\"{&quot;background_background&quot;:&quot;classic&quot;}\">\n\t\t\t\t<div class=\"elementor-element elementor-element-2f8cab2 elementor-widget elementor-widget-heading\" data-id=\"2f8cab2\" data-element_type=\"widget\" data-widget_type=\"heading.default\">\n\t\t\t\t\t<h3 class=\"elementor-heading-title elementor-size-default\">Caution: hazardous liquids! <br><br>\nFoodstuffs as well as chemicals can be hazardous goods! The handling of which requires specific knowledge, high safety measures and the appropriate transport equipment.<\/h3>\t\t\t\t<\/div>\n\t\t\t\t<\/div>\n\t\t\t\t<div class=\"elementor-element elementor-element-9228cc7 elementor-widget elementor-widget-spacer\" data-id=\"9228cc7\" data-element_type=\"widget\" data-widget_type=\"spacer.default\">\n\t\t\t\t\t\t\t<div class=\"elementor-spacer\">\n\t\t\t<div class=\"elementor-spacer-inner\"><\/div>\n\t\t<\/div>\n\t\t\t\t\t\t<\/div>\n\t\t\t\t<div class=\"elementor-element elementor-element-6d5d7f1 elementor-widget elementor-widget-heading\" data-id=\"6d5d7f1\" data-element_type=\"widget\" data-widget_type=\"heading.default\">\n\t\t\t\t\t<h4 class=\"elementor-heading-title elementor-size-default\">Foodstuff only\n<\/h4>\t\t\t\t<\/div>\n\t\t\t\t<div class=\"elementor-element elementor-element-aca64fe elementor-widget elementor-widget-text-editor\" data-id=\"aca64fe\" data-element_type=\"widget\" data-widget_type=\"text-editor.default\">\n\t\t\t\t\t\t\t\t\t<p>A large proportion of our container fleet are insulated 20' tank containers that carry foodstuff only.<br \/>We have containers for foodstuff with low transport requirements, e.g. juice concentrate, wine or milk; capacity 26.000 \u2013 27.400 litres.<br \/>Special pressure tanks for foodstuff with higher transport requirements, e.g. spirits; capacity 30.000 litres and with RID\/ADR and IMDG approval.<br \/>Special containers with electric water-glycol heating for heating during transport, e.g. glucose syrup.<\/p>\t\t\t\t\t\t\t\t<\/div>\n\t\t\t\t<div class=\"elementor-element elementor-element-b0f74ac elementor-widget elementor-widget-heading\" data-id=\"b0f74ac\" data-element_type=\"widget\" data-widget_type=\"heading.default\">\n\t\t\t\t\t<h4 class=\"elementor-heading-title elementor-size-default\">Containers for liquid chemicals\n<\/h4>\t\t\t\t<\/div>\n\t\t\t\t<div class=\"elementor-element elementor-element-6bbf79c elementor-widget elementor-widget-text-editor\" data-id=\"6bbf79c\" data-element_type=\"widget\" data-widget_type=\"text-editor.default\">\n\t\t\t\t\t\t\t\t\t<p>The range of special containers for liquid chemicals varies from 21.000 litres up to 31.000 litres.<br \/>There are rubber-lined containers for very corrosive cargos, e.g. acids, as well as heavy insulated containers for, as an example, fatty alcohol.<\/p>\t\t\t\t\t\t\t\t<\/div>\n\t\t\t\t<div class=\"elementor-element elementor-element-ce5a1ae elementor-widget elementor-widget-heading\" data-id=\"ce5a1ae\" data-element_type=\"widget\" data-widget_type=\"heading.default\">\n\t\t\t\t\t<h4 class=\"elementor-heading-title elementor-size-default\">All tank containers at one glance:\n<\/h4>\t\t\t\t<\/div>\n\t\t\t\t<div class=\"elementor-element elementor-element-58e57b7 elementor-widget elementor-widget-text-editor\" data-id=\"58e57b7\" data-element_type=\"widget\" data-widget_type=\"text-editor.default\">\n\t\t\t\t\t\t\t\t\t<ul><li>20' standard tank containers 21.000 up to 26.000 litres volume L4BN T11<\/li><li>20' tank containers with baffles<\/li><li>20' tank containers L10BN<\/li><li>20' rubber-lined containers<\/li><li>Heavy insulated containers, e. g. fatty alcohol<\/li><li>7,15m SWAP containers 31.000 litres volume L4BN T11<\/li><\/ul>\t\t\t\t\t\t\t\t<\/div>\n\t\t\t\t<div class=\"elementor-element elementor-element-f83d063 elementor-widget elementor-widget-spacer\" data-id=\"f83d063\" data-element_type=\"widget\" data-widget_type=\"spacer.default\">\n\t\t\t\t\t\t\t<div class=\"elementor-spacer\">\n\t\t\t<div class=\"elementor-spacer-inner\"><\/div>\n\t\t<\/div>\n\t\t\t\t\t\t<\/div>\n\t\t\t\t<\/div>\n\t\t<div class=\"elementor-element elementor-element-0727740 e-con-full e-flex e-con e-child\" data-id=\"0727740\" data-element_type=\"container\">\n\t\t\t\t<div class=\"elementor-element elementor-element-d07560f elementor-widget elementor-widget-sidebar\" data-id=\"d07560f\" data-element_type=\"widget\" data-widget_type=\"sidebar.default\">\n\t\t\t\t\t\n<h2 class=\"wp-block-heading has-small-font-size\">CARGOTAINER GmbH<br>Internationale Fachspedition<\/h2>\n\n<p class=\"has-small-font-size\">\u00d6lhafenstra\u00dfe 36<br>68169 Mannheim\nGermany<br><\/p>\n\n<p class=\"has-small-font-size\">MO-FR\u00a0 08:00 bis 17:00 Uhr<\/p>\n\n<p class=\"has-small-font-size\">Phone: +49 621 15801-0<br>Fax: +49 621 15801-23<\/p>\n\n<p class=\"has-small-font-size\">E-Mail:&nbsp;<a href=\"mailto:info@cargotainer.de\">info@cargotainer.de<\/a><\/p>\n\t\t\t\t<\/div>\n\t\t\t\t<div class=\"elementor-element elementor-element-6b99079 elementor-widget__width-initial elementor-widget elementor-widget-image\" data-id=\"6b99079\" data-element_type=\"widget\" data-widget_type=\"image.default\">\n\t\t\t\t\t\t\t\t\t\t\t\t\t\t\t<img decoding=\"async\" width=\"235\" height=\"176\" src=\"https:\/\/cargotainer.de\/wp-content\/uploads\/2025\/07\/Tankcontainer_klein.jpg\" class=\"attachment-full size-full wp-image-145\" alt=\"\" srcset=\"https:\/\/cargotainer.de\/wp-content\/uploads\/2025\/07\/Tankcontainer_klein.jpg 235w, https:\/\/cargotainer.de\/wp-content\/uploads\/2025\/07\/Tankcontainer_klein-16x12.jpg 16w\" sizes=\"(max-width: 235px) 100vw, 235px\" \/>\t\t\t\t\t\t\t\t\t\t\t\t\t\t\t<\/div>\n\t\t\t\t<div class=\"elementor-element elementor-element-830fc80 elementor-position-inline-start elementor-mobile-position-inline-start elementor-view-default elementor-widget elementor-widget-icon-box\" data-id=\"830fc80\" data-element_type=\"widget\" data-widget_type=\"icon-box.default\">\n\t\t\t\t\t\t\t<div class=\"elementor-icon-box-wrapper\">\n\n\t\t\t\t\t\t<div class=\"elementor-icon-box-icon\">\n\t\t\t\t<a href=\"http:\/\/www.cargotainer.de\/images\/PDF\/ADSp_2003.pdf\" target=\"_blank\" rel=\"nofollow\" class=\"elementor-icon\" tabindex=\"-1\" aria-label=\"Terms and conditions\">\n\t\t\t\t<svg aria-hidden=\"true\" class=\"e-font-icon-svg e-fas-file-pdf\" viewbox=\"0 0 384 512\" xmlns=\"http:\/\/www.w3.org\/2000\/svg\"><path d=\"M181.9 256.1c-5-16-4.9-46.9-2-46.9 8.4 0 7.6 36.9 2 46.9zm-1.7 47.2c-7.7 20.2-17.3 43.3-28.4 62.7 18.3-7 39-17.2 62.9-21.9-12.7-9.6-24.9-23.4-34.5-40.8zM86.1 428.1c0 .8 13.2-5.4 34.9-40.2-6.7 6.3-29.1 24.5-34.9 40.2zM248 160h136v328c0 13.3-10.7 24-24 24H24c-13.3 0-24-10.7-24-24V24C0 10.7 10.7 0 24 0h200v136c0 13.2 10.8 24 24 24zm-8 171.8c-20-12.2-33.3-29-42.7-53.8 4.5-18.5 11.6-46.6 6.2-64.2-4.7-29.4-42.4-26.5-47.8-6.8-5 18.3-.4 44.1 8.1 77-11.6 27.6-28.7 64.6-40.8 85.8-.1 0-.1.1-.2.1-27.1 13.9-73.6 44.5-54.5 68 5.6 6.9 16 10 21.5 10 17.9 0 35.7-18 61.1-61.8 25.8-8.5 54.1-19.1 79-23.2 21.7 11.8 47.1 19.5 64 19.5 29.2 0 31.2-32 19.7-43.4-13.9-13.6-54.3-9.7-73.6-7.2zM377 105L279 7c-4.5-4.5-10.6-7-17-7h-6v128h128v-6.1c0-6.3-2.5-12.4-7-16.9zm-74.1 255.3c4.1-2.7-2.5-11.9-42.8-9 37.1 15.8 42.8 9 42.8 9z\"><\/path><\/svg>\t\t\t\t<\/a>\n\t\t\t<\/div>\n\t\t\t\n\t\t\t\t\t\t<div class=\"elementor-icon-box-content\">\n\n\t\t\t\t\t\t\t\t\t<h5 class=\"elementor-icon-box-title\">\n\t\t\t\t\t\t<a href=\"http:\/\/www.cargotainer.de\/images\/PDF\/ADSp_2003.pdf\" target=\"_blank\" rel=\"nofollow\" >\n\t\t\t\t\t\t\tTerms and conditions\t\t\t\t\t\t<\/a>\n\t\t\t\t\t<\/h5>\n\t\t\t\t\n\t\t\t\t\n\t\t\t<\/div>\n\t\t\t\n\t\t<\/div>\n\t\t\t\t\t\t<\/div>\n\t\t\t\t<\/div>\n\t\t\t\t\t<\/div>\n\t\t\t\t<\/div>\n\t\t\t\t<\/div>","protected":false},"excerpt":{"rendered":"<p>Fixe Flotte f\u00fcr Fl\u00fcssiges Unsere Flotte besteht aus unterschiedlichen Typen an Tankcontainern, mit denen wir gerne weltweit f\u00fcr Sie unterwegs sind. Vorsicht: Fl\u00fcssige Gefahrgu\u0308ter Sowohl Lebensmittel als auch Chemikalien k\u00f6nnen Gefahrgut sein! Der Umgang mit ihnen erfordert spezifische Kenntnisse, h\u00f6chste Sicherheitsvorkehrungen und geeignete Transportbeh\u00e4lter. Exklusiv f\u00fcr Lebensmittel Einen Gro\u00dfteil unserer Flotte bilden isolierte 20&#8242; Tankcontainer, [&hellip;]<\/p>\n","protected":false},"author":1,"featured_media":0,"parent":119,"menu_order":0,"comment_status":"closed","ping_status":"closed","template":"","meta":{"_eb_attr":"","footnotes":""},"class_list":["post-137","page","type-page","status-publish","hentry"],"blocksy_meta":[],"yoast_head":"<!-- This site is optimized with the Yoast SEO plugin v27.5 - https:\/\/yoast.com\/product\/yoast-seo-wordpress\/ -->\n<title>Tankcontainer - Cargotainer<\/title>\n<meta name=\"robots\" content=\"index, follow, max-snippet:-1, max-image-preview:large, max-video-preview:-1\" \/>\n<link rel=\"canonical\" href=\"https:\/\/cargotainer.de\/en\/transporte\/tankcontainer\/\" \/>\n<meta property=\"og:locale\" content=\"en_GB\" \/>\n<meta property=\"og:type\" content=\"article\" \/>\n<meta property=\"og:title\" content=\"Tankcontainer - Cargotainer\" \/>\n<meta property=\"og:description\" content=\"Fixe Flotte f\u00fcr Fl\u00fcssiges Unsere Flotte besteht aus unterschiedlichen Typen an Tankcontainern, mit denen wir gerne weltweit f\u00fcr Sie unterwegs sind. Vorsicht: Fl\u00fcssige Gefahrgu\u0308ter Sowohl Lebensmittel als auch Chemikalien k\u00f6nnen Gefahrgut sein! Der Umgang mit ihnen erfordert spezifische Kenntnisse, h\u00f6chste Sicherheitsvorkehrungen und geeignete Transportbeh\u00e4lter. Exklusiv f\u00fcr Lebensmittel Einen Gro\u00dfteil unserer Flotte bilden isolierte 20&#8242; Tankcontainer, [&hellip;]\" \/>\n<meta property=\"og:url\" content=\"https:\/\/cargotainer.de\/en\/transporte\/tankcontainer\/\" \/>\n<meta property=\"og:site_name\" content=\"Cargotainer\" \/>\n<meta property=\"article:modified_time\" content=\"2025-07-21T09:08:59+00:00\" \/>\n<meta property=\"og:image\" content=\"http:\/\/cargotainer.de\/wp-content\/uploads\/2025\/07\/Tankcontainer_klein.jpg\" \/>\n<meta name=\"twitter:card\" content=\"summary_large_image\" \/>\n<meta name=\"twitter:label1\" content=\"Estimated reading time\" \/>\n\t<meta name=\"twitter:data1\" content=\"1 minute\" \/>\n<script type=\"application\/ld+json\" class=\"yoast-schema-graph\">{\"@context\":\"https:\\\/\\\/schema.org\",\"@graph\":[{\"@type\":\"WebPage\",\"@id\":\"https:\\\/\\\/cargotainer.de\\\/transporte\\\/tankcontainer\\\/\",\"url\":\"https:\\\/\\\/cargotainer.de\\\/transporte\\\/tankcontainer\\\/\",\"name\":\"Tankcontainer - Cargotainer\",\"isPartOf\":{\"@id\":\"https:\\\/\\\/cargotainer.de\\\/#website\"},\"primaryImageOfPage\":{\"@id\":\"https:\\\/\\\/cargotainer.de\\\/transporte\\\/tankcontainer\\\/#primaryimage\"},\"image\":{\"@id\":\"https:\\\/\\\/cargotainer.de\\\/transporte\\\/tankcontainer\\\/#primaryimage\"},\"thumbnailUrl\":\"http:\\\/\\\/cargotainer.de\\\/wp-content\\\/uploads\\\/2025\\\/07\\\/Tankcontainer_klein.jpg\",\"datePublished\":\"2025-07-17T11:43:39+00:00\",\"dateModified\":\"2025-07-21T09:08:59+00:00\",\"breadcrumb\":{\"@id\":\"https:\\\/\\\/cargotainer.de\\\/transporte\\\/tankcontainer\\\/#breadcrumb\"},\"inLanguage\":\"en-GB\",\"potentialAction\":[{\"@type\":\"ReadAction\",\"target\":[\"https:\\\/\\\/cargotainer.de\\\/transporte\\\/tankcontainer\\\/\"]}]},{\"@type\":\"ImageObject\",\"inLanguage\":\"en-GB\",\"@id\":\"https:\\\/\\\/cargotainer.de\\\/transporte\\\/tankcontainer\\\/#primaryimage\",\"url\":\"http:\\\/\\\/cargotainer.de\\\/wp-content\\\/uploads\\\/2025\\\/07\\\/Tankcontainer_klein.jpg\",\"contentUrl\":\"http:\\\/\\\/cargotainer.de\\\/wp-content\\\/uploads\\\/2025\\\/07\\\/Tankcontainer_klein.jpg\"},{\"@type\":\"BreadcrumbList\",\"@id\":\"https:\\\/\\\/cargotainer.de\\\/transporte\\\/tankcontainer\\\/#breadcrumb\",\"itemListElement\":[{\"@type\":\"ListItem\",\"position\":1,\"name\":\"Transporte\",\"item\":\"https:\\\/\\\/cargotainer.de\\\/transporte\\\/\"},{\"@type\":\"ListItem\",\"position\":2,\"name\":\"Tankcontainer\"}]},{\"@type\":\"WebSite\",\"@id\":\"https:\\\/\\\/cargotainer.de\\\/#website\",\"url\":\"https:\\\/\\\/cargotainer.de\\\/\",\"name\":\"Cargotainer\",\"description\":\"\",\"publisher\":{\"@id\":\"https:\\\/\\\/cargotainer.de\\\/#organization\"},\"potentialAction\":[{\"@type\":\"SearchAction\",\"target\":{\"@type\":\"EntryPoint\",\"urlTemplate\":\"https:\\\/\\\/cargotainer.de\\\/?s={search_term_string}\"},\"query-input\":{\"@type\":\"PropertyValueSpecification\",\"valueRequired\":true,\"valueName\":\"search_term_string\"}}],\"inLanguage\":\"en-GB\"},{\"@type\":\"Organization\",\"@id\":\"https:\\\/\\\/cargotainer.de\\\/#organization\",\"name\":\"Cargotainer\",\"url\":\"https:\\\/\\\/cargotainer.de\\\/\",\"logo\":{\"@type\":\"ImageObject\",\"inLanguage\":\"en-GB\",\"@id\":\"https:\\\/\\\/cargotainer.de\\\/#\\\/schema\\\/logo\\\/image\\\/\",\"url\":\"https:\\\/\\\/cargotainer.de\\\/wp-content\\\/uploads\\\/2025\\\/07\\\/logo.jpg\",\"contentUrl\":\"https:\\\/\\\/cargotainer.de\\\/wp-content\\\/uploads\\\/2025\\\/07\\\/logo.jpg\",\"width\":316,\"height\":60,\"caption\":\"Cargotainer\"},\"image\":{\"@id\":\"https:\\\/\\\/cargotainer.de\\\/#\\\/schema\\\/logo\\\/image\\\/\"}}]}<\/script>\n<!-- \/ Yoast SEO plugin. -->","yoast_head_json":{"title":"Tankcontainer - Cargotainer","robots":{"index":"index","follow":"follow","max-snippet":"max-snippet:-1","max-image-preview":"max-image-preview:large","max-video-preview":"max-video-preview:-1"},"canonical":"https:\/\/cargotainer.de\/en\/transporte\/tankcontainer\/","og_locale":"en_GB","og_type":"article","og_title":"Tankcontainer - Cargotainer","og_description":"Fixe Flotte f\u00fcr Fl\u00fcssiges Unsere Flotte besteht aus unterschiedlichen Typen an Tankcontainern, mit denen wir gerne weltweit f\u00fcr Sie unterwegs sind. Vorsicht: Fl\u00fcssige Gefahrgu\u0308ter Sowohl Lebensmittel als auch Chemikalien k\u00f6nnen Gefahrgut sein! Der Umgang mit ihnen erfordert spezifische Kenntnisse, h\u00f6chste Sicherheitsvorkehrungen und geeignete Transportbeh\u00e4lter. Exklusiv f\u00fcr Lebensmittel Einen Gro\u00dfteil unserer Flotte bilden isolierte 20&#8242; Tankcontainer, [&hellip;]","og_url":"https:\/\/cargotainer.de\/en\/transporte\/tankcontainer\/","og_site_name":"Cargotainer","article_modified_time":"2025-07-21T09:08:59+00:00","og_image":[{"url":"http:\/\/cargotainer.de\/wp-content\/uploads\/2025\/07\/Tankcontainer_klein.jpg","type":"","width":"","height":""}],"twitter_card":"summary_large_image","twitter_misc":{"Estimated reading time":"1 minute"},"schema":{"@context":"https:\/\/schema.org","@graph":[{"@type":"WebPage","@id":"https:\/\/cargotainer.de\/transporte\/tankcontainer\/","url":"https:\/\/cargotainer.de\/transporte\/tankcontainer\/","name":"Tankcontainer - Cargotainer","isPartOf":{"@id":"https:\/\/cargotainer.de\/#website"},"primaryImageOfPage":{"@id":"https:\/\/cargotainer.de\/transporte\/tankcontainer\/#primaryimage"},"image":{"@id":"https:\/\/cargotainer.de\/transporte\/tankcontainer\/#primaryimage"},"thumbnailUrl":"http:\/\/cargotainer.de\/wp-content\/uploads\/2025\/07\/Tankcontainer_klein.jpg","datePublished":"2025-07-17T11:43:39+00:00","dateModified":"2025-07-21T09:08:59+00:00","breadcrumb":{"@id":"https:\/\/cargotainer.de\/transporte\/tankcontainer\/#breadcrumb"},"inLanguage":"en-GB","potentialAction":[{"@type":"ReadAction","target":["https:\/\/cargotainer.de\/transporte\/tankcontainer\/"]}]},{"@type":"ImageObject","inLanguage":"en-GB","@id":"https:\/\/cargotainer.de\/transporte\/tankcontainer\/#primaryimage","url":"http:\/\/cargotainer.de\/wp-content\/uploads\/2025\/07\/Tankcontainer_klein.jpg","contentUrl":"http:\/\/cargotainer.de\/wp-content\/uploads\/2025\/07\/Tankcontainer_klein.jpg"},{"@type":"BreadcrumbList","@id":"https:\/\/cargotainer.de\/transporte\/tankcontainer\/#breadcrumb","itemListElement":[{"@type":"ListItem","position":1,"name":"Transporte","item":"https:\/\/cargotainer.de\/transporte\/"},{"@type":"ListItem","position":2,"name":"Tankcontainer"}]},{"@type":"WebSite","@id":"https:\/\/cargotainer.de\/#website","url":"https:\/\/cargotainer.de\/","name":"Cargotainer","description":"","publisher":{"@id":"https:\/\/cargotainer.de\/#organization"},"potentialAction":[{"@type":"SearchAction","target":{"@type":"EntryPoint","urlTemplate":"https:\/\/cargotainer.de\/?s={search_term_string}"},"query-input":{"@type":"PropertyValueSpecification","valueRequired":true,"valueName":"search_term_string"}}],"inLanguage":"en-GB"},{"@type":"Organization","@id":"https:\/\/cargotainer.de\/#organization","name":"Cargotainer","url":"https:\/\/cargotainer.de\/","logo":{"@type":"ImageObject","inLanguage":"en-GB","@id":"https:\/\/cargotainer.de\/#\/schema\/logo\/image\/","url":"https:\/\/cargotainer.de\/wp-content\/uploads\/2025\/07\/logo.jpg","contentUrl":"https:\/\/cargotainer.de\/wp-content\/uploads\/2025\/07\/logo.jpg","width":316,"height":60,"caption":"Cargotainer"},"image":{"@id":"https:\/\/cargotainer.de\/#\/schema\/logo\/image\/"}}]}},"_links":{"self":[{"href":"http:\/\/cargotainer.de\/en\/wp-json\/wp\/v2\/pages\/137","targetHints":{"allow":["GET"]}}],"collection":[{"href":"http:\/\/cargotainer.de\/en\/wp-json\/wp\/v2\/pages"}],"about":[{"href":"http:\/\/cargotainer.de\/en\/wp-json\/wp\/v2\/types\/page"}],"author":[{"embeddable":true,"href":"http:\/\/cargotainer.de\/en\/wp-json\/wp\/v2\/users\/1"}],"replies":[{"embeddable":true,"href":"http:\/\/cargotainer.de\/en\/wp-json\/wp\/v2\/comments?post=137"}],"version-history":[{"count":0,"href":"http:\/\/cargotainer.de\/en\/wp-json\/wp\/v2\/pages\/137\/revisions"}],"up":[{"embeddable":true,"href":"http:\/\/cargotainer.de\/en\/wp-json\/wp\/v2\/pages\/119"}],"wp:attachment":[{"href":"http:\/\/cargotainer.de\/en\/wp-json\/wp\/v2\/media?parent=137"}],"curies":[{"name":"wp","href":"https:\/\/api.w.org\/{rel}","templated":true}]}}